{"id":10074,"date":"2024-12-17T17:58:21","date_gmt":"2024-12-17T16:58:21","guid":{"rendered":"https:\/\/shop.hotelpalacioico.com\/?post_type=product&#038;p=10074"},"modified":"2025-12-23T18:42:57","modified_gmt":"2025-12-23T17:42:57","slug":"menu-degustation-2p","status":"publish","type":"product","link":"https:\/\/shop.hotelpalacioico.com\/fr\/producto\/menu-degustation-2p\/","title":{"rendered":"Menu D\u00e9gustation (2P)"},"content":{"rendered":"<div class=\"wpb-content-wrapper\"><p>[vc_row][vc_column width=\u00a0\u00bb1\/2&Prime;][vc_column_text css=\u00a0\u00bb\u00a0\u00bb woodmart_inline=\u00a0\u00bbno\u00a0\u00bb text_larger=\u00a0\u00bbno\u00a0\u00bb]<strong>Comprend<\/strong><br \/>\nDeux menus d\u00e9gustation 01. [\/vc_column_text][\/vc_column][vc_column width=\u00a0\u00bb1\/2&Prime;][vc_column_text css=\u00a0\u00bb\u00a0\u00bb woodmart_inline=\u00a0\u00bbno\u00a0\u00bb text_larger=\u00a0\u00bbno\u00a0\u00bb]<strong>Validit\u00e9<\/strong><br \/>\n3 mois.\u20282 personnes.<\/p>\n<p><strong>Conditions d&rsquo;utilisation<br \/>\n<\/strong>Sous r\u00e9serve de disponibilit\u00e9.<br \/>\nSur r\u00e9servation pr\u00e9alable <a href=\"https:\/\/widget.thefork.com\/es\/a75a7b5d-adcd-4eaa-bd16-49818c2b2857?utm_source=restaurantepalacioico.com&amp;step=date\">ici<\/a>.<br \/>\n<em>(Les coordonn\u00e9es de votre carte bancaire vous seront demand\u00e9es, et des frais de non-pr\u00e9sentation seront uniquement factur\u00e9s.)<\/em><br \/>\nLe document original doit \u00eatre pr\u00e9sent\u00e9 le jour r\u00e9serv\u00e9.<\/p>\n<p>Pour garantir la livraison, ajoutez <a href=\"mailto:info@hotelpalacioico.com\">info@hotelpalacioico.com<\/a> \u00e0 votre liste d&rsquo;exp\u00e9diteurs fiables[\/vc_column_text][\/vc_column][\/vc_row][vc_row][vc_column width=\u00a0\u00bb1\/2&Prime;][vc_column_text css=\u00a0\u00bb\u00a0\u00bb woodmart_inline=\u00a0\u00bbno\u00a0\u00bb text_larger=\u00a0\u00bbno\u00a0\u00bb]<strong>Livraison<\/strong><br \/>\nPar email avec document joint au format pdf.<br \/>\nIl sera envoy\u00e9 par e-mail imm\u00e9diatement apr\u00e8s l&rsquo;achat.<br \/>\nL&rsquo;INSTANT est joint au format PDF et est envoy\u00e9 s\u00e9par\u00e9ment de l&rsquo;e-mail de confirmation de commande.<br \/>\nPour garantir la livraison, veuillez ajouter <a href=\"mailto:info@hotelpalacioico.com\">info@hotelpalacioico.com<\/a> \u00e0 votre liste d&rsquo;exp\u00e9diteurs approuv\u00e9s.[\/vc_column_text][\/vc_column][vc_column width=\u00a0\u00bb1\/2&Prime;][\/vc_column][\/vc_row]<\/p>\n<\/div>","protected":false},"excerpt":{"rendered":"<p>Un moment inoubliable, un lieu unique, un d\u00eener avec la personne que vous aimez le plus au restaurant Palacio Ico recommand\u00e9 par le Guide MICHELIN.<\/p>\n","protected":false},"featured_media":9997,"template":"","meta":{"inline_featured_image":false},"product_brand":[],"product_cat":[114],"product_tag":[],"class_list":{"0":"post-10074","1":"product","2":"type-product","3":"status-publish","4":"has-post-thumbnail","6":"product_cat-instants","8":"first","9":"instock","10":"sold-individually","11":"taxable","12":"shipping-taxable","13":"purchasable","14":"product-type-simple"},"yoast_head":"<!-- This site is optimized with the Yoast SEO plugin v26.6 - https:\/\/yoast.com\/wordpress\/plugins\/seo\/ -->\n<title>Menu D\u00e9gustation (2P) - Shop Hotel Palacio Ico - Tienda Oficial<\/title>\n<meta name=\"description\" content=\"Remise d&#039;un bouquet de fleurs au moment de l&#039;inscription.\u2028Deux menus d\u00e9gustation 01. Accord classique. (Il existe une option sans alcool).\" \/>\n<meta name=\"robots\" content=\"index, follow, max-snippet:-1, max-image-preview:large, max-video-preview:-1\" \/>\n<link rel=\"canonical\" href=\"https:\/\/shop.hotelpalacioico.com\/fr\/producto\/menu-degustation-2p\/\" \/>\n<meta property=\"og:locale\" content=\"fr_FR\" \/>\n<meta property=\"og:type\" content=\"article\" \/>\n<meta property=\"og:title\" content=\"Menu D\u00e9gustation (2P) - Shop Hotel Palacio Ico - Tienda Oficial\" \/>\n<meta property=\"og:description\" content=\"Remise d&#039;un bouquet de fleurs au moment de l&#039;inscription.\u2028Deux menus d\u00e9gustation 01. Accord classique. (Il existe une option sans alcool).\" \/>\n<meta property=\"og:url\" content=\"https:\/\/shop.hotelpalacioico.com\/fr\/producto\/menu-degustation-2p\/\" \/>\n<meta property=\"og:site_name\" content=\"Shop Hotel Palacio Ico - Tienda Oficial\" \/>\n<meta property=\"article:modified_time\" content=\"2025-12-23T17:42:57+00:00\" \/>\n<meta property=\"og:image\" content=\"https:\/\/shop.hotelpalacioico.com\/wp-content\/uploads\/2024\/11\/R.PI_MD_michelin_-2.jpg\" \/>\n\t<meta property=\"og:image:width\" content=\"900\" \/>\n\t<meta property=\"og:image:height\" content=\"900\" \/>\n\t<meta property=\"og:image:type\" content=\"image\/jpeg\" \/>\n<meta name=\"twitter:card\" content=\"summary_large_image\" \/>\n<meta name=\"twitter:label1\" content=\"Dur\u00e9e de lecture estim\u00e9e\" \/>\n\t<meta name=\"twitter:data1\" content=\"1 minute\" \/>\n<script type=\"application\/ld+json\" class=\"yoast-schema-graph\">{\"@context\":\"https:\/\/schema.org\",\"@graph\":[{\"@type\":\"WebPage\",\"@id\":\"https:\/\/shop.hotelpalacioico.com\/fr\/producto\/menu-degustation-2p\/\",\"url\":\"https:\/\/shop.hotelpalacioico.com\/fr\/producto\/menu-degustation-2p\/\",\"name\":\"Menu D\u00e9gustation (2P) - Shop Hotel Palacio Ico - Tienda Oficial\",\"isPartOf\":{\"@id\":\"https:\/\/shop.hotelpalacioico.com\/#website\"},\"primaryImageOfPage\":{\"@id\":\"https:\/\/shop.hotelpalacioico.com\/fr\/producto\/menu-degustation-2p\/#primaryimage\"},\"image\":{\"@id\":\"https:\/\/shop.hotelpalacioico.com\/fr\/producto\/menu-degustation-2p\/#primaryimage\"},\"thumbnailUrl\":\"https:\/\/shop.hotelpalacioico.com\/wp-content\/uploads\/2024\/11\/R.PI_MD_michelin_-2.jpg\",\"datePublished\":\"2024-12-17T16:58:21+00:00\",\"dateModified\":\"2025-12-23T17:42:57+00:00\",\"description\":\"Remise d'un bouquet de fleurs au moment de l'inscription.\\u2028Deux menus d\u00e9gustation 01. Accord classique. (Il existe une option sans alcool).\",\"breadcrumb\":{\"@id\":\"https:\/\/shop.hotelpalacioico.com\/fr\/producto\/menu-degustation-2p\/#breadcrumb\"},\"inLanguage\":\"fr-FR\",\"potentialAction\":[{\"@type\":\"ReadAction\",\"target\":[\"https:\/\/shop.hotelpalacioico.com\/fr\/producto\/menu-degustation-2p\/\"]}]},{\"@type\":\"ImageObject\",\"inLanguage\":\"fr-FR\",\"@id\":\"https:\/\/shop.hotelpalacioico.com\/fr\/producto\/menu-degustation-2p\/#primaryimage\",\"url\":\"https:\/\/shop.hotelpalacioico.com\/wp-content\/uploads\/2024\/11\/R.PI_MD_michelin_-2.jpg\",\"contentUrl\":\"https:\/\/shop.hotelpalacioico.com\/wp-content\/uploads\/2024\/11\/R.PI_MD_michelin_-2.jpg\",\"width\":900,\"height\":900},{\"@type\":\"BreadcrumbList\",\"@id\":\"https:\/\/shop.hotelpalacioico.com\/fr\/producto\/menu-degustation-2p\/#breadcrumb\",\"itemListElement\":[{\"@type\":\"ListItem\",\"position\":1,\"name\":\"Home\",\"item\":\"https:\/\/shop.hotelpalacioico.com\/\"},{\"@type\":\"ListItem\",\"position\":2,\"name\":\"Momente\",\"item\":\"https:\/\/shop.hotelpalacioico.com\/\"},{\"@type\":\"ListItem\",\"position\":3,\"name\":\"Menu D\u00e9gustation (2P)\"}]},{\"@type\":\"WebSite\",\"@id\":\"https:\/\/shop.hotelpalacioico.com\/#website\",\"url\":\"https:\/\/shop.hotelpalacioico.com\/\",\"name\":\"Shop Hotel Palacio Ico - Tienda Oficial\",\"description\":\"Instantes\",\"potentialAction\":[{\"@type\":\"SearchAction\",\"target\":{\"@type\":\"EntryPoint\",\"urlTemplate\":\"https:\/\/shop.hotelpalacioico.com\/?s={search_term_string}\"},\"query-input\":{\"@type\":\"PropertyValueSpecification\",\"valueRequired\":true,\"valueName\":\"search_term_string\"}}],\"inLanguage\":\"fr-FR\"}]}<\/script>\n<!-- \/ Yoast SEO plugin. -->","yoast_head_json":{"title":"Menu D\u00e9gustation (2P) - Shop Hotel Palacio Ico - Tienda Oficial","description":"Remise d'un bouquet de fleurs au moment de l'inscription.\u2028Deux menus d\u00e9gustation 01. Accord classique. (Il existe une option sans alcool).","robots":{"index":"index","follow":"follow","max-snippet":"max-snippet:-1","max-image-preview":"max-image-preview:large","max-video-preview":"max-video-preview:-1"},"canonical":"https:\/\/shop.hotelpalacioico.com\/fr\/producto\/menu-degustation-2p\/","og_locale":"fr_FR","og_type":"article","og_title":"Menu D\u00e9gustation (2P) - Shop Hotel Palacio Ico - Tienda Oficial","og_description":"Remise d'un bouquet de fleurs au moment de l'inscription.\u2028Deux menus d\u00e9gustation 01. Accord classique. (Il existe une option sans alcool).","og_url":"https:\/\/shop.hotelpalacioico.com\/fr\/producto\/menu-degustation-2p\/","og_site_name":"Shop Hotel Palacio Ico - Tienda Oficial","article_modified_time":"2025-12-23T17:42:57+00:00","og_image":[{"width":900,"height":900,"url":"https:\/\/shop.hotelpalacioico.com\/wp-content\/uploads\/2024\/11\/R.PI_MD_michelin_-2.jpg","type":"image\/jpeg"}],"twitter_card":"summary_large_image","twitter_misc":{"Dur\u00e9e de lecture estim\u00e9e":"1 minute"},"schema":{"@context":"https:\/\/schema.org","@graph":[{"@type":"WebPage","@id":"https:\/\/shop.hotelpalacioico.com\/fr\/producto\/menu-degustation-2p\/","url":"https:\/\/shop.hotelpalacioico.com\/fr\/producto\/menu-degustation-2p\/","name":"Menu D\u00e9gustation (2P) - Shop Hotel Palacio Ico - Tienda Oficial","isPartOf":{"@id":"https:\/\/shop.hotelpalacioico.com\/#website"},"primaryImageOfPage":{"@id":"https:\/\/shop.hotelpalacioico.com\/fr\/producto\/menu-degustation-2p\/#primaryimage"},"image":{"@id":"https:\/\/shop.hotelpalacioico.com\/fr\/producto\/menu-degustation-2p\/#primaryimage"},"thumbnailUrl":"https:\/\/shop.hotelpalacioico.com\/wp-content\/uploads\/2024\/11\/R.PI_MD_michelin_-2.jpg","datePublished":"2024-12-17T16:58:21+00:00","dateModified":"2025-12-23T17:42:57+00:00","description":"Remise d'un bouquet de fleurs au moment de l'inscription.\u2028Deux menus d\u00e9gustation 01. Accord classique. (Il existe une option sans alcool).","breadcrumb":{"@id":"https:\/\/shop.hotelpalacioico.com\/fr\/producto\/menu-degustation-2p\/#breadcrumb"},"inLanguage":"fr-FR","potentialAction":[{"@type":"ReadAction","target":["https:\/\/shop.hotelpalacioico.com\/fr\/producto\/menu-degustation-2p\/"]}]},{"@type":"ImageObject","inLanguage":"fr-FR","@id":"https:\/\/shop.hotelpalacioico.com\/fr\/producto\/menu-degustation-2p\/#primaryimage","url":"https:\/\/shop.hotelpalacioico.com\/wp-content\/uploads\/2024\/11\/R.PI_MD_michelin_-2.jpg","contentUrl":"https:\/\/shop.hotelpalacioico.com\/wp-content\/uploads\/2024\/11\/R.PI_MD_michelin_-2.jpg","width":900,"height":900},{"@type":"BreadcrumbList","@id":"https:\/\/shop.hotelpalacioico.com\/fr\/producto\/menu-degustation-2p\/#breadcrumb","itemListElement":[{"@type":"ListItem","position":1,"name":"Home","item":"https:\/\/shop.hotelpalacioico.com\/"},{"@type":"ListItem","position":2,"name":"Momente","item":"https:\/\/shop.hotelpalacioico.com\/"},{"@type":"ListItem","position":3,"name":"Menu D\u00e9gustation (2P)"}]},{"@type":"WebSite","@id":"https:\/\/shop.hotelpalacioico.com\/#website","url":"https:\/\/shop.hotelpalacioico.com\/","name":"Shop Hotel Palacio Ico - Tienda Oficial","description":"Instantes","potentialAction":[{"@type":"SearchAction","target":{"@type":"EntryPoint","urlTemplate":"https:\/\/shop.hotelpalacioico.com\/?s={search_term_string}"},"query-input":{"@type":"PropertyValueSpecification","valueRequired":true,"valueName":"search_term_string"}}],"inLanguage":"fr-FR"}]}},"_links":{"self":[{"href":"https:\/\/shop.hotelpalacioico.com\/fr\/wp-json\/wp\/v2\/product\/10074","targetHints":{"allow":["GET"]}}],"collection":[{"href":"https:\/\/shop.hotelpalacioico.com\/fr\/wp-json\/wp\/v2\/product"}],"about":[{"href":"https:\/\/shop.hotelpalacioico.com\/fr\/wp-json\/wp\/v2\/types\/product"}],"wp:featuredmedia":[{"embeddable":true,"href":"https:\/\/shop.hotelpalacioico.com\/fr\/wp-json\/wp\/v2\/media\/9997"}],"wp:attachment":[{"href":"https:\/\/shop.hotelpalacioico.com\/fr\/wp-json\/wp\/v2\/media?parent=10074"}],"wp:term":[{"taxonomy":"product_brand","embeddable":true,"href":"https:\/\/shop.hotelpalacioico.com\/fr\/wp-json\/wp\/v2\/product_brand?post=10074"},{"taxonomy":"product_cat","embeddable":true,"href":"https:\/\/shop.hotelpalacioico.com\/fr\/wp-json\/wp\/v2\/product_cat?post=10074"},{"taxonomy":"product_tag","embeddable":true,"href":"https:\/\/shop.hotelpalacioico.com\/fr\/wp-json\/wp\/v2\/product_tag?post=10074"}],"curies":[{"name":"wp","href":"https:\/\/api.w.org\/{rel}","templated":true}]}}