{"id":10057,"date":"2024-12-17T17:29:00","date_gmt":"2024-12-17T16:29:00","guid":{"rendered":"https:\/\/shop.hotelpalacioico.com\/?post_type=product&#038;p=10057"},"modified":"2025-12-23T18:33:07","modified_gmt":"2025-12-23T17:33:07","slug":"nuit-intime-2p-chambre-suite-petit-dejeuner","status":"publish","type":"product","link":"https:\/\/shop.hotelpalacioico.com\/fr\/producto\/nuit-intime-2p-chambre-suite-petit-dejeuner\/","title":{"rendered":"Nuit Intime (2P) (chambre suite + petit d\u00e9jeuner)"},"content":{"rendered":"<div class=\"wpb-content-wrapper\"><p>[vc_row][vc_column width=\u00a0\u00bb1\/2&Prime;][vc_column_text css=\u00a0\u00bb\u00a0\u00bb woodmart_inline=\u00a0\u00bbno\u00a0\u00bb text_larger=\u00a0\u00bbno\u00a0\u00bb]<strong>Comprend<\/strong><br \/>\nChambre suite Palacio Ico avec petit-d\u00e9jeuner inclus.[\/vc_column_text][\/vc_column][vc_column width=\u00a0\u00bb1\/2&Prime;][vc_column_text css=\u00a0\u00bb\u00a0\u00bb woodmart_inline=\u00a0\u00bbno\u00a0\u00bb text_larger=\u00a0\u00bbno\u00a0\u00bb]<strong>Validit\u00e9<\/strong><br \/>\n6 mois. Pour 2 personnes.<\/p>\n<p><strong>Conditions d&rsquo;utilisation<\/strong><br \/>\nSous r\u00e9serve de disponibilit\u00e9. \u2028Non valide \u00e0 No\u00ebl (entre le 20 d\u00e9cembre et le 10 janvier).[\/vc_column_text][\/vc_column][\/vc_row][vc_row][vc_column width=\u00a0\u00bb1\/2&Prime;][vc_column_text css=\u00a0\u00bb\u00a0\u00bb woodmart_inline=\u00a0\u00bbno\u00a0\u00bb text_larger=\u00a0\u00bbno\u00a0\u00bb]<strong>Livraison<\/strong><br \/>\nPar email avec document joint au format pdf.<br \/>\nIl sera envoy\u00e9 par e-mail imm\u00e9diatement apr\u00e8s l&rsquo;achat. L&rsquo;INSTANT est joint au format PDF et est envoy\u00e9 s\u00e9par\u00e9ment de l&rsquo;e-mail de confirmation de commande. Pour garantir la livraison, veuillez ajouter <a href=\"mailto:info@hotelpalacioico.com\">info@hotelpalacioico.com<\/a> \u00e0 votre liste d&rsquo;exp\u00e9diteurs approuv\u00e9s.<br \/>\nCeux qui b\u00e9n\u00e9ficieront du ch\u00e8que cadeau doivent contacter sonsoles@hotelpalacioico.com pour organiser les dates.<br \/>\nPrix \u200b\u200b\u200b\u200bIgic inclus.[\/vc_column_text][\/vc_column][vc_column width=\u00a0\u00bb1\/2&Prime;][\/vc_column][\/vc_row]<\/p>\n<\/div>","protected":false},"excerpt":{"rendered":"<p>L&rsquo;intimit\u00e9 d&rsquo;un moment partag\u00e9 avec celui que vous aimez le plus.\u20281 nuit en suite au Palacio ico avec un menu d\u00e9gustation au restaurant recommand\u00e9 par le Guide MICHELIN.<\/p>\n","protected":false},"featured_media":10060,"template":"","meta":{"inline_featured_image":false},"product_brand":[],"product_cat":[114],"product_tag":[],"class_list":{"0":"post-10057","1":"product","2":"type-product","3":"status-publish","4":"has-post-thumbnail","6":"product_cat-instants","8":"first","9":"instock","10":"sold-individually","11":"taxable","12":"shipping-taxable","13":"purchasable","14":"product-type-simple"},"yoast_head":"<!-- This site is optimized with the Yoast SEO plugin v26.6 - https:\/\/yoast.com\/wordpress\/plugins\/seo\/ -->\n<title>Nuit Intime (2P) (chambre suite + petit d\u00e9jeuner) - Shop Hotel Palacio Ico - Tienda Oficial<\/title>\n<meta name=\"description\" content=\"Bouquet de fleurs dans la chambre et champagne.\u2028Chambre suite Palacio Ico avec petit-d\u00e9jeuner inclus.\u2028Deux menus d\u00e9gustation 01. Accord classique.\" \/>\n<meta name=\"robots\" content=\"index, follow, max-snippet:-1, max-image-preview:large, max-video-preview:-1\" \/>\n<link rel=\"canonical\" href=\"https:\/\/shop.hotelpalacioico.com\/fr\/producto\/nuit-intime-2p-chambre-suite-petit-dejeuner\/\" \/>\n<meta property=\"og:locale\" content=\"fr_FR\" \/>\n<meta property=\"og:type\" content=\"article\" \/>\n<meta property=\"og:title\" content=\"Nuit Intime (2P) (chambre suite + petit d\u00e9jeuner) - Shop Hotel Palacio Ico - Tienda Oficial\" \/>\n<meta property=\"og:description\" content=\"Bouquet de fleurs dans la chambre et champagne.\u2028Chambre suite Palacio Ico avec petit-d\u00e9jeuner inclus.\u2028Deux menus d\u00e9gustation 01. Accord classique.\" \/>\n<meta property=\"og:url\" content=\"https:\/\/shop.hotelpalacioico.com\/fr\/producto\/nuit-intime-2p-chambre-suite-petit-dejeuner\/\" \/>\n<meta property=\"og:site_name\" content=\"Shop Hotel Palacio Ico - Tienda Oficial\" \/>\n<meta property=\"article:modified_time\" content=\"2025-12-23T17:33:07+00:00\" \/>\n<meta property=\"og:image\" content=\"https:\/\/shop.hotelpalacioico.com\/wp-content\/uploads\/2024\/12\/Palacio-Ico-hab-9-web-1-scaled.jpg\" \/>\n\t<meta property=\"og:image:width\" content=\"2560\" \/>\n\t<meta property=\"og:image:height\" content=\"1709\" \/>\n\t<meta property=\"og:image:type\" content=\"image\/jpeg\" \/>\n<meta name=\"twitter:card\" content=\"summary_large_image\" \/>\n<meta name=\"twitter:label1\" content=\"Dur\u00e9e de lecture estim\u00e9e\" \/>\n\t<meta name=\"twitter:data1\" content=\"1 minute\" \/>\n<script type=\"application\/ld+json\" class=\"yoast-schema-graph\">{\"@context\":\"https:\/\/schema.org\",\"@graph\":[{\"@type\":\"WebPage\",\"@id\":\"https:\/\/shop.hotelpalacioico.com\/fr\/producto\/nuit-intime-2p-chambre-suite-petit-dejeuner\/\",\"url\":\"https:\/\/shop.hotelpalacioico.com\/fr\/producto\/nuit-intime-2p-chambre-suite-petit-dejeuner\/\",\"name\":\"Nuit Intime (2P) (chambre suite + petit d\u00e9jeuner) - Shop Hotel Palacio Ico - Tienda Oficial\",\"isPartOf\":{\"@id\":\"https:\/\/shop.hotelpalacioico.com\/#website\"},\"primaryImageOfPage\":{\"@id\":\"https:\/\/shop.hotelpalacioico.com\/fr\/producto\/nuit-intime-2p-chambre-suite-petit-dejeuner\/#primaryimage\"},\"image\":{\"@id\":\"https:\/\/shop.hotelpalacioico.com\/fr\/producto\/nuit-intime-2p-chambre-suite-petit-dejeuner\/#primaryimage\"},\"thumbnailUrl\":\"https:\/\/shop.hotelpalacioico.com\/wp-content\/uploads\/2024\/12\/Palacio-Ico-hab-9-web-1-scaled.jpg\",\"datePublished\":\"2024-12-17T16:29:00+00:00\",\"dateModified\":\"2025-12-23T17:33:07+00:00\",\"description\":\"Bouquet de fleurs dans la chambre et champagne.\\u2028Chambre suite Palacio Ico avec petit-d\u00e9jeuner inclus.\\u2028Deux menus d\u00e9gustation 01. Accord classique.\",\"breadcrumb\":{\"@id\":\"https:\/\/shop.hotelpalacioico.com\/fr\/producto\/nuit-intime-2p-chambre-suite-petit-dejeuner\/#breadcrumb\"},\"inLanguage\":\"fr-FR\",\"potentialAction\":[{\"@type\":\"ReadAction\",\"target\":[\"https:\/\/shop.hotelpalacioico.com\/fr\/producto\/nuit-intime-2p-chambre-suite-petit-dejeuner\/\"]}]},{\"@type\":\"ImageObject\",\"inLanguage\":\"fr-FR\",\"@id\":\"https:\/\/shop.hotelpalacioico.com\/fr\/producto\/nuit-intime-2p-chambre-suite-petit-dejeuner\/#primaryimage\",\"url\":\"https:\/\/shop.hotelpalacioico.com\/wp-content\/uploads\/2024\/12\/Palacio-Ico-hab-9-web-1-scaled.jpg\",\"contentUrl\":\"https:\/\/shop.hotelpalacioico.com\/wp-content\/uploads\/2024\/12\/Palacio-Ico-hab-9-web-1-scaled.jpg\",\"width\":2560,\"height\":1709},{\"@type\":\"BreadcrumbList\",\"@id\":\"https:\/\/shop.hotelpalacioico.com\/fr\/producto\/nuit-intime-2p-chambre-suite-petit-dejeuner\/#breadcrumb\",\"itemListElement\":[{\"@type\":\"ListItem\",\"position\":1,\"name\":\"Home\",\"item\":\"https:\/\/shop.hotelpalacioico.com\/\"},{\"@type\":\"ListItem\",\"position\":2,\"name\":\"Momente\",\"item\":\"https:\/\/shop.hotelpalacioico.com\/\"},{\"@type\":\"ListItem\",\"position\":3,\"name\":\"Nuit Intime (2P) (chambre suite + petit d\u00e9jeuner)\"}]},{\"@type\":\"WebSite\",\"@id\":\"https:\/\/shop.hotelpalacioico.com\/#website\",\"url\":\"https:\/\/shop.hotelpalacioico.com\/\",\"name\":\"Shop Hotel Palacio Ico - Tienda Oficial\",\"description\":\"Instantes\",\"potentialAction\":[{\"@type\":\"SearchAction\",\"target\":{\"@type\":\"EntryPoint\",\"urlTemplate\":\"https:\/\/shop.hotelpalacioico.com\/?s={search_term_string}\"},\"query-input\":{\"@type\":\"PropertyValueSpecification\",\"valueRequired\":true,\"valueName\":\"search_term_string\"}}],\"inLanguage\":\"fr-FR\"}]}<\/script>\n<!-- \/ Yoast SEO plugin. -->","yoast_head_json":{"title":"Nuit Intime (2P) (chambre suite + petit d\u00e9jeuner) - Shop Hotel Palacio Ico - Tienda Oficial","description":"Bouquet de fleurs dans la chambre et champagne.\u2028Chambre suite Palacio Ico avec petit-d\u00e9jeuner inclus.\u2028Deux menus d\u00e9gustation 01. Accord classique.","robots":{"index":"index","follow":"follow","max-snippet":"max-snippet:-1","max-image-preview":"max-image-preview:large","max-video-preview":"max-video-preview:-1"},"canonical":"https:\/\/shop.hotelpalacioico.com\/fr\/producto\/nuit-intime-2p-chambre-suite-petit-dejeuner\/","og_locale":"fr_FR","og_type":"article","og_title":"Nuit Intime (2P) (chambre suite + petit d\u00e9jeuner) - Shop Hotel Palacio Ico - Tienda Oficial","og_description":"Bouquet de fleurs dans la chambre et champagne.\u2028Chambre suite Palacio Ico avec petit-d\u00e9jeuner inclus.\u2028Deux menus d\u00e9gustation 01. Accord classique.","og_url":"https:\/\/shop.hotelpalacioico.com\/fr\/producto\/nuit-intime-2p-chambre-suite-petit-dejeuner\/","og_site_name":"Shop Hotel Palacio Ico - Tienda Oficial","article_modified_time":"2025-12-23T17:33:07+00:00","og_image":[{"width":2560,"height":1709,"url":"https:\/\/shop.hotelpalacioico.com\/wp-content\/uploads\/2024\/12\/Palacio-Ico-hab-9-web-1-scaled.jpg","type":"image\/jpeg"}],"twitter_card":"summary_large_image","twitter_misc":{"Dur\u00e9e de lecture estim\u00e9e":"1 minute"},"schema":{"@context":"https:\/\/schema.org","@graph":[{"@type":"WebPage","@id":"https:\/\/shop.hotelpalacioico.com\/fr\/producto\/nuit-intime-2p-chambre-suite-petit-dejeuner\/","url":"https:\/\/shop.hotelpalacioico.com\/fr\/producto\/nuit-intime-2p-chambre-suite-petit-dejeuner\/","name":"Nuit Intime (2P) (chambre suite + petit d\u00e9jeuner) - Shop Hotel Palacio Ico - Tienda Oficial","isPartOf":{"@id":"https:\/\/shop.hotelpalacioico.com\/#website"},"primaryImageOfPage":{"@id":"https:\/\/shop.hotelpalacioico.com\/fr\/producto\/nuit-intime-2p-chambre-suite-petit-dejeuner\/#primaryimage"},"image":{"@id":"https:\/\/shop.hotelpalacioico.com\/fr\/producto\/nuit-intime-2p-chambre-suite-petit-dejeuner\/#primaryimage"},"thumbnailUrl":"https:\/\/shop.hotelpalacioico.com\/wp-content\/uploads\/2024\/12\/Palacio-Ico-hab-9-web-1-scaled.jpg","datePublished":"2024-12-17T16:29:00+00:00","dateModified":"2025-12-23T17:33:07+00:00","description":"Bouquet de fleurs dans la chambre et champagne.\u2028Chambre suite Palacio Ico avec petit-d\u00e9jeuner inclus.\u2028Deux menus d\u00e9gustation 01. Accord classique.","breadcrumb":{"@id":"https:\/\/shop.hotelpalacioico.com\/fr\/producto\/nuit-intime-2p-chambre-suite-petit-dejeuner\/#breadcrumb"},"inLanguage":"fr-FR","potentialAction":[{"@type":"ReadAction","target":["https:\/\/shop.hotelpalacioico.com\/fr\/producto\/nuit-intime-2p-chambre-suite-petit-dejeuner\/"]}]},{"@type":"ImageObject","inLanguage":"fr-FR","@id":"https:\/\/shop.hotelpalacioico.com\/fr\/producto\/nuit-intime-2p-chambre-suite-petit-dejeuner\/#primaryimage","url":"https:\/\/shop.hotelpalacioico.com\/wp-content\/uploads\/2024\/12\/Palacio-Ico-hab-9-web-1-scaled.jpg","contentUrl":"https:\/\/shop.hotelpalacioico.com\/wp-content\/uploads\/2024\/12\/Palacio-Ico-hab-9-web-1-scaled.jpg","width":2560,"height":1709},{"@type":"BreadcrumbList","@id":"https:\/\/shop.hotelpalacioico.com\/fr\/producto\/nuit-intime-2p-chambre-suite-petit-dejeuner\/#breadcrumb","itemListElement":[{"@type":"ListItem","position":1,"name":"Home","item":"https:\/\/shop.hotelpalacioico.com\/"},{"@type":"ListItem","position":2,"name":"Momente","item":"https:\/\/shop.hotelpalacioico.com\/"},{"@type":"ListItem","position":3,"name":"Nuit Intime (2P) (chambre suite + petit d\u00e9jeuner)"}]},{"@type":"WebSite","@id":"https:\/\/shop.hotelpalacioico.com\/#website","url":"https:\/\/shop.hotelpalacioico.com\/","name":"Shop Hotel Palacio Ico - Tienda Oficial","description":"Instantes","potentialAction":[{"@type":"SearchAction","target":{"@type":"EntryPoint","urlTemplate":"https:\/\/shop.hotelpalacioico.com\/?s={search_term_string}"},"query-input":{"@type":"PropertyValueSpecification","valueRequired":true,"valueName":"search_term_string"}}],"inLanguage":"fr-FR"}]}},"_links":{"self":[{"href":"https:\/\/shop.hotelpalacioico.com\/fr\/wp-json\/wp\/v2\/product\/10057","targetHints":{"allow":["GET"]}}],"collection":[{"href":"https:\/\/shop.hotelpalacioico.com\/fr\/wp-json\/wp\/v2\/product"}],"about":[{"href":"https:\/\/shop.hotelpalacioico.com\/fr\/wp-json\/wp\/v2\/types\/product"}],"wp:featuredmedia":[{"embeddable":true,"href":"https:\/\/shop.hotelpalacioico.com\/fr\/wp-json\/wp\/v2\/media\/10060"}],"wp:attachment":[{"href":"https:\/\/shop.hotelpalacioico.com\/fr\/wp-json\/wp\/v2\/media?parent=10057"}],"wp:term":[{"taxonomy":"product_brand","embeddable":true,"href":"https:\/\/shop.hotelpalacioico.com\/fr\/wp-json\/wp\/v2\/product_brand?post=10057"},{"taxonomy":"product_cat","embeddable":true,"href":"https:\/\/shop.hotelpalacioico.com\/fr\/wp-json\/wp\/v2\/product_cat?post=10057"},{"taxonomy":"product_tag","embeddable":true,"href":"https:\/\/shop.hotelpalacioico.com\/fr\/wp-json\/wp\/v2\/product_tag?post=10057"}],"curies":[{"name":"wp","href":"https:\/\/api.w.org\/{rel}","templated":true}]}}