{"id":10053,"date":"2024-12-17T17:22:14","date_gmt":"2024-12-17T16:22:14","guid":{"rendered":"https:\/\/shop.hotelpalacioico.com\/?post_type=product&#038;p=10053"},"modified":"2024-12-24T15:48:01","modified_gmt":"2024-12-24T14:48:01","slug":"brunch-palacio-ico-2-personnes","status":"publish","type":"product","link":"https:\/\/shop.hotelpalacioico.com\/fr\/producto\/brunch-palacio-ico-2-personnes\/","title":{"rendered":"Brunch Palacio Ico (2 personnes)"},"content":{"rendered":"<div class=\"wpb-content-wrapper\"><p>[vc_row][vc_column width=\u00a0\u00bb1\/2&Prime;][vc_column_text css=\u00a0\u00bb\u00a0\u00bb woodmart_inline=\u00a0\u00bbno\u00a0\u00bb text_larger=\u00a0\u00bbno\u00a0\u00bb]<strong>Comprend<\/strong><br \/>\nDes brunchs sains et nutritifs, pr\u00e9par\u00e9s quotidiennement avec des ingr\u00e9dients frais et locaux. Les points forts incluent nos confitures de fruits de saison faites maison, nos jus naturels, nos g\u00e2teaux artisanaux, nos \u0153ufs de poules \u00e9lev\u00e9es en plein air \u00e0 Tabayesco, notre pain Tinajo biologique et une s\u00e9lection de fromages locaux prim\u00e9s au niveau international. Le tout accompagn\u00e9 de saucisses et de jambon ib\u00e9rique coup\u00e9s sur commande, avec un verre de cava pour compl\u00e9ter l&rsquo;exp\u00e9rience.<br \/>\nPrix \u200b\u200b\u200b\u200bIgic inclus.[\/vc_column_text][\/vc_column][vc_column width=\u00a0\u00bb1\/2&Prime;][vc_column_text css=\u00a0\u00bb\u00a0\u00bb woodmart_inline=\u00a0\u00bbno\u00a0\u00bb text_larger=\u00a0\u00bbno\u00a0\u00bb]<strong>Validit\u00e9<\/strong><br \/>\n3 mois.\u20281 personne.<\/p>\n<p><strong>Conditions d&rsquo;utilisation<\/strong><br \/>\nSous r\u00e9serve de disponibilit\u00e9.<br \/>\nSur r\u00e9servation pr\u00e9alable <a href=\"https:\/\/widget.thefork.com\/es\/a75a7b5d-adcd-4eaa-bd16-49818c2b2857?utm_source=restaurantepalacioico.com&amp;step=date\">ici<\/a>.<br \/>\n(Les coordonn\u00e9es de votre carte bancaire vous seront demand\u00e9es, et des frais de non-pr\u00e9sentation seront uniquement factur\u00e9s.)<br \/>\nLe document original doit \u00eatre pr\u00e9sent\u00e9 le jour r\u00e9serv\u00e9.<\/p>\n<p>Pour garantir la livraison, ajoutez <a href=\"mailto:info@hotelpalacioico.com\">info@hotelpalacioico.com<\/a> \u00e0 votre liste d&rsquo;exp\u00e9diteurs fiables[\/vc_column_text][\/vc_column][\/vc_row][vc_row][vc_column width=\u00a0\u00bb1\/2&Prime;][vc_column_text css=\u00a0\u00bb\u00a0\u00bb woodmart_inline=\u00a0\u00bbno\u00a0\u00bb text_larger=\u00a0\u00bbno\u00a0\u00bb]<strong>Livraison<\/strong><br \/>\nPar email avec document joint au format pdf.<br \/>\nIl sera envoy\u00e9 par e-mail imm\u00e9diatement apr\u00e8s l&rsquo;achat.<br \/>\nL&rsquo;INSTANT est joint au format PDF et est envoy\u00e9 s\u00e9par\u00e9ment de l&rsquo;e-mail de confirmation de commande.<br \/>\nPour garantir la livraison, veuillez ajouter <a href=\"mailto:info@hotelpalacioico.com\">info@hotelpalacioico.com<\/a> \u00e0 votre liste d&rsquo;exp\u00e9diteurs approuv\u00e9s.[\/vc_column_text][\/vc_column][vc_column width=\u00a0\u00bb1\/2&Prime;][\/vc_column][\/vc_row]<\/p>\n<\/div>","protected":false},"excerpt":{"rendered":"<p>Profitez d&rsquo;un brunch dans l&rsquo;environnement unique et exclusif de l&rsquo;ICO Palace, un espace embl\u00e9matique approuv\u00e9 par C\u00e9sar Manrique dans son livre \u00ab Lanzarote, architecture In\u00e9dita \u00bb. Situ\u00e9 au c\u0153ur de Teguise, notre espace est l&rsquo;endroit id\u00e9al pour profiter de l&rsquo;authenticit\u00e9 et de la tranquillit\u00e9 de Lanzarote.<\/p>\n","protected":false},"featured_media":9862,"template":"","meta":{"inline_featured_image":false},"product_brand":[],"product_cat":[114],"product_tag":[],"class_list":{"0":"post-10053","1":"product","2":"type-product","3":"status-publish","4":"has-post-thumbnail","6":"product_cat-instants","8":"first","9":"instock","10":"sold-individually","11":"taxable","12":"shipping-taxable","13":"purchasable","14":"product-type-simple"},"yoast_head":"<!-- This site is optimized with the Yoast SEO plugin v26.6 - https:\/\/yoast.com\/wordpress\/plugins\/seo\/ -->\n<title>Brunch Palacio Ico (2 personnes) - Shop Hotel Palacio Ico - Tienda Oficial<\/title>\n<meta name=\"description\" content=\"Des brunchs sains et nutritifs, pr\u00e9par\u00e9s quotidiennement avec des ingr\u00e9dients frais et locaux. Les points forts incluent nos confitures de fruits de saison\" \/>\n<meta name=\"robots\" content=\"index, follow, max-snippet:-1, max-image-preview:large, max-video-preview:-1\" \/>\n<link rel=\"canonical\" href=\"https:\/\/shop.hotelpalacioico.com\/fr\/producto\/brunch-palacio-ico-2-personnes\/\" \/>\n<meta property=\"og:locale\" content=\"fr_FR\" \/>\n<meta property=\"og:type\" content=\"article\" \/>\n<meta property=\"og:title\" content=\"Brunch Palacio Ico (2 personnes) - Shop Hotel Palacio Ico - Tienda Oficial\" \/>\n<meta property=\"og:description\" content=\"Des brunchs sains et nutritifs, pr\u00e9par\u00e9s quotidiennement avec des ingr\u00e9dients frais et locaux. Les points forts incluent nos confitures de fruits de saison\" \/>\n<meta property=\"og:url\" content=\"https:\/\/shop.hotelpalacioico.com\/fr\/producto\/brunch-palacio-ico-2-personnes\/\" \/>\n<meta property=\"og:site_name\" content=\"Shop Hotel Palacio Ico - Tienda Oficial\" \/>\n<meta property=\"article:modified_time\" content=\"2024-12-24T14:48:01+00:00\" \/>\n<meta property=\"og:image\" content=\"https:\/\/shop.hotelpalacioico.com\/wp-content\/uploads\/2023\/06\/Brunch.-2.jpg\" \/>\n\t<meta property=\"og:image:width\" content=\"1024\" \/>\n\t<meta property=\"og:image:height\" content=\"683\" \/>\n\t<meta property=\"og:image:type\" content=\"image\/jpeg\" \/>\n<meta name=\"twitter:card\" content=\"summary_large_image\" \/>\n<meta name=\"twitter:label1\" content=\"Dur\u00e9e de lecture estim\u00e9e\" \/>\n\t<meta name=\"twitter:data1\" content=\"2 minutes\" \/>\n<script type=\"application\/ld+json\" class=\"yoast-schema-graph\">{\"@context\":\"https:\/\/schema.org\",\"@graph\":[{\"@type\":\"WebPage\",\"@id\":\"https:\/\/shop.hotelpalacioico.com\/fr\/producto\/brunch-palacio-ico-2-personnes\/\",\"url\":\"https:\/\/shop.hotelpalacioico.com\/fr\/producto\/brunch-palacio-ico-2-personnes\/\",\"name\":\"Brunch Palacio Ico (2 personnes) - Shop Hotel Palacio Ico - Tienda Oficial\",\"isPartOf\":{\"@id\":\"https:\/\/shop.hotelpalacioico.com\/#website\"},\"primaryImageOfPage\":{\"@id\":\"https:\/\/shop.hotelpalacioico.com\/fr\/producto\/brunch-palacio-ico-2-personnes\/#primaryimage\"},\"image\":{\"@id\":\"https:\/\/shop.hotelpalacioico.com\/fr\/producto\/brunch-palacio-ico-2-personnes\/#primaryimage\"},\"thumbnailUrl\":\"https:\/\/shop.hotelpalacioico.com\/wp-content\/uploads\/2023\/06\/Brunch.-2.jpg\",\"datePublished\":\"2024-12-17T16:22:14+00:00\",\"dateModified\":\"2024-12-24T14:48:01+00:00\",\"description\":\"Des brunchs sains et nutritifs, pr\u00e9par\u00e9s quotidiennement avec des ingr\u00e9dients frais et locaux. Les points forts incluent nos confitures de fruits de saison\",\"breadcrumb\":{\"@id\":\"https:\/\/shop.hotelpalacioico.com\/fr\/producto\/brunch-palacio-ico-2-personnes\/#breadcrumb\"},\"inLanguage\":\"fr-FR\",\"potentialAction\":[{\"@type\":\"ReadAction\",\"target\":[\"https:\/\/shop.hotelpalacioico.com\/fr\/producto\/brunch-palacio-ico-2-personnes\/\"]}]},{\"@type\":\"ImageObject\",\"inLanguage\":\"fr-FR\",\"@id\":\"https:\/\/shop.hotelpalacioico.com\/fr\/producto\/brunch-palacio-ico-2-personnes\/#primaryimage\",\"url\":\"https:\/\/shop.hotelpalacioico.com\/wp-content\/uploads\/2023\/06\/Brunch.-2.jpg\",\"contentUrl\":\"https:\/\/shop.hotelpalacioico.com\/wp-content\/uploads\/2023\/06\/Brunch.-2.jpg\",\"width\":1024,\"height\":683},{\"@type\":\"BreadcrumbList\",\"@id\":\"https:\/\/shop.hotelpalacioico.com\/fr\/producto\/brunch-palacio-ico-2-personnes\/#breadcrumb\",\"itemListElement\":[{\"@type\":\"ListItem\",\"position\":1,\"name\":\"Home\",\"item\":\"https:\/\/shop.hotelpalacioico.com\/\"},{\"@type\":\"ListItem\",\"position\":2,\"name\":\"Momente\",\"item\":\"https:\/\/shop.hotelpalacioico.com\/\"},{\"@type\":\"ListItem\",\"position\":3,\"name\":\"Brunch Palacio Ico (2 personnes)\"}]},{\"@type\":\"WebSite\",\"@id\":\"https:\/\/shop.hotelpalacioico.com\/#website\",\"url\":\"https:\/\/shop.hotelpalacioico.com\/\",\"name\":\"Shop Hotel Palacio Ico - Tienda Oficial\",\"description\":\"Instantes\",\"potentialAction\":[{\"@type\":\"SearchAction\",\"target\":{\"@type\":\"EntryPoint\",\"urlTemplate\":\"https:\/\/shop.hotelpalacioico.com\/?s={search_term_string}\"},\"query-input\":{\"@type\":\"PropertyValueSpecification\",\"valueRequired\":true,\"valueName\":\"search_term_string\"}}],\"inLanguage\":\"fr-FR\"}]}<\/script>\n<!-- \/ Yoast SEO plugin. -->","yoast_head_json":{"title":"Brunch Palacio Ico (2 personnes) - Shop Hotel Palacio Ico - Tienda Oficial","description":"Des brunchs sains et nutritifs, pr\u00e9par\u00e9s quotidiennement avec des ingr\u00e9dients frais et locaux. Les points forts incluent nos confitures de fruits de saison","robots":{"index":"index","follow":"follow","max-snippet":"max-snippet:-1","max-image-preview":"max-image-preview:large","max-video-preview":"max-video-preview:-1"},"canonical":"https:\/\/shop.hotelpalacioico.com\/fr\/producto\/brunch-palacio-ico-2-personnes\/","og_locale":"fr_FR","og_type":"article","og_title":"Brunch Palacio Ico (2 personnes) - Shop Hotel Palacio Ico - Tienda Oficial","og_description":"Des brunchs sains et nutritifs, pr\u00e9par\u00e9s quotidiennement avec des ingr\u00e9dients frais et locaux. Les points forts incluent nos confitures de fruits de saison","og_url":"https:\/\/shop.hotelpalacioico.com\/fr\/producto\/brunch-palacio-ico-2-personnes\/","og_site_name":"Shop Hotel Palacio Ico - Tienda Oficial","article_modified_time":"2024-12-24T14:48:01+00:00","og_image":[{"width":1024,"height":683,"url":"https:\/\/shop.hotelpalacioico.com\/wp-content\/uploads\/2023\/06\/Brunch.-2.jpg","type":"image\/jpeg"}],"twitter_card":"summary_large_image","twitter_misc":{"Dur\u00e9e de lecture estim\u00e9e":"2 minutes"},"schema":{"@context":"https:\/\/schema.org","@graph":[{"@type":"WebPage","@id":"https:\/\/shop.hotelpalacioico.com\/fr\/producto\/brunch-palacio-ico-2-personnes\/","url":"https:\/\/shop.hotelpalacioico.com\/fr\/producto\/brunch-palacio-ico-2-personnes\/","name":"Brunch Palacio Ico (2 personnes) - Shop Hotel Palacio Ico - Tienda Oficial","isPartOf":{"@id":"https:\/\/shop.hotelpalacioico.com\/#website"},"primaryImageOfPage":{"@id":"https:\/\/shop.hotelpalacioico.com\/fr\/producto\/brunch-palacio-ico-2-personnes\/#primaryimage"},"image":{"@id":"https:\/\/shop.hotelpalacioico.com\/fr\/producto\/brunch-palacio-ico-2-personnes\/#primaryimage"},"thumbnailUrl":"https:\/\/shop.hotelpalacioico.com\/wp-content\/uploads\/2023\/06\/Brunch.-2.jpg","datePublished":"2024-12-17T16:22:14+00:00","dateModified":"2024-12-24T14:48:01+00:00","description":"Des brunchs sains et nutritifs, pr\u00e9par\u00e9s quotidiennement avec des ingr\u00e9dients frais et locaux. Les points forts incluent nos confitures de fruits de saison","breadcrumb":{"@id":"https:\/\/shop.hotelpalacioico.com\/fr\/producto\/brunch-palacio-ico-2-personnes\/#breadcrumb"},"inLanguage":"fr-FR","potentialAction":[{"@type":"ReadAction","target":["https:\/\/shop.hotelpalacioico.com\/fr\/producto\/brunch-palacio-ico-2-personnes\/"]}]},{"@type":"ImageObject","inLanguage":"fr-FR","@id":"https:\/\/shop.hotelpalacioico.com\/fr\/producto\/brunch-palacio-ico-2-personnes\/#primaryimage","url":"https:\/\/shop.hotelpalacioico.com\/wp-content\/uploads\/2023\/06\/Brunch.-2.jpg","contentUrl":"https:\/\/shop.hotelpalacioico.com\/wp-content\/uploads\/2023\/06\/Brunch.-2.jpg","width":1024,"height":683},{"@type":"BreadcrumbList","@id":"https:\/\/shop.hotelpalacioico.com\/fr\/producto\/brunch-palacio-ico-2-personnes\/#breadcrumb","itemListElement":[{"@type":"ListItem","position":1,"name":"Home","item":"https:\/\/shop.hotelpalacioico.com\/"},{"@type":"ListItem","position":2,"name":"Momente","item":"https:\/\/shop.hotelpalacioico.com\/"},{"@type":"ListItem","position":3,"name":"Brunch Palacio Ico (2 personnes)"}]},{"@type":"WebSite","@id":"https:\/\/shop.hotelpalacioico.com\/#website","url":"https:\/\/shop.hotelpalacioico.com\/","name":"Shop Hotel Palacio Ico - Tienda Oficial","description":"Instantes","potentialAction":[{"@type":"SearchAction","target":{"@type":"EntryPoint","urlTemplate":"https:\/\/shop.hotelpalacioico.com\/?s={search_term_string}"},"query-input":{"@type":"PropertyValueSpecification","valueRequired":true,"valueName":"search_term_string"}}],"inLanguage":"fr-FR"}]}},"_links":{"self":[{"href":"https:\/\/shop.hotelpalacioico.com\/fr\/wp-json\/wp\/v2\/product\/10053","targetHints":{"allow":["GET"]}}],"collection":[{"href":"https:\/\/shop.hotelpalacioico.com\/fr\/wp-json\/wp\/v2\/product"}],"about":[{"href":"https:\/\/shop.hotelpalacioico.com\/fr\/wp-json\/wp\/v2\/types\/product"}],"wp:featuredmedia":[{"embeddable":true,"href":"https:\/\/shop.hotelpalacioico.com\/fr\/wp-json\/wp\/v2\/media\/9862"}],"wp:attachment":[{"href":"https:\/\/shop.hotelpalacioico.com\/fr\/wp-json\/wp\/v2\/media?parent=10053"}],"wp:term":[{"taxonomy":"product_brand","embeddable":true,"href":"https:\/\/shop.hotelpalacioico.com\/fr\/wp-json\/wp\/v2\/product_brand?post=10053"},{"taxonomy":"product_cat","embeddable":true,"href":"https:\/\/shop.hotelpalacioico.com\/fr\/wp-json\/wp\/v2\/product_cat?post=10053"},{"taxonomy":"product_tag","embeddable":true,"href":"https:\/\/shop.hotelpalacioico.com\/fr\/wp-json\/wp\/v2\/product_tag?post=10053"}],"curies":[{"name":"wp","href":"https:\/\/api.w.org\/{rel}","templated":true}]}}