{"id":9881,"date":"2024-10-15T10:21:25","date_gmt":"2024-10-15T08:21:25","guid":{"rendered":"https:\/\/shop.hotelpalacioico.com\/?post_type=product&#038;p=9881"},"modified":"2025-12-23T18:53:20","modified_gmt":"2025-12-23T17:53:20","slug":"der-hedonist","status":"publish","type":"product","link":"https:\/\/shop.hotelpalacioico.com\/de\/producto\/der-hedonist\/","title":{"rendered":"Der Hedonist (2P)"},"content":{"rendered":"<div class=\"wpb-content-wrapper\"><p>[vc_row][vc_column width=&#8220;1\/2&#8243;][vc_column_text css=&#8220;&#8220; woodmart_inline=&#8220;no&#8220; text_larger=&#8220;no&#8220;]<strong>Inklusive<\/strong><\/p>\n<p><strong>Tag 1<\/strong><br \/>\nTransfer Flughafen \u2013 Hotel Palacio ico.<br \/>\nEine Nacht in einer Suite im Palacio ico inklusive Fr\u00fchst\u00fcck.<br \/>\nBlumenstrau\u00df auf dem Zimmer und Champagner.<br \/>\nZwei Massagen im AsiaSpa. (60&#8242;).<br \/>\nDegustationsmen\u00fc 01 im vom Guide MICHELIN empfohlenen Restaurant. Klassische Paarung. (Es gibt eine alkoholfreie Option).<\/p>\n<p><strong>Tag 2<\/strong><br \/>\nPrivates Segelboot mit Skipper von Puerto Calero zu den Str\u00e4nden von Papagayo. Beinhaltet Getr\u00e4nke, Cava und Snacks. (ca. 10:00 bis 14:00 Uhr)[\/vc_column_text][\/vc_column][vc_column width=&#8220;1\/2&#8243;][vc_column_text css=&#8220;&#8220; woodmart_inline=&#8220;no&#8220; text_larger=&#8220;no&#8220;]<strong>G\u00fcltigkeit<\/strong><br \/>\nF\u00fcr 2 Personen.<\/p>\n<p><strong>Nutzungsbedingungen<\/strong><br \/>\nJe nach Verf\u00fcgbarkeit. \u2028Nicht g\u00fcltig an Weihnachten (zwischen 20. Dezember und 10. Januar).[\/vc_column_text][\/vc_column][\/vc_row][vc_row][vc_column width=&#8220;1\/2&#8243;][vc_column_text css=&#8220;&#8220; woodmart_inline=&#8220;no&#8220; text_larger=&#8220;no&#8220;]<strong>Lieferung<\/strong><br \/>\nPer E-Mail mit angeh\u00e4ngtem Dokument im PDF-Format.<br \/>\nDer Versand erfolgt direkt nach dem Kauf per E-Mail. Das INSTANT ist im PDF-Format beigef\u00fcgt und wird separat von der Bestellbest\u00e4tigungs-E-Mail versendet. Um die Zustellung sicherzustellen, f\u00fcgen Sie bitte <a href=\"mailto:info@hotelpalacioico.com\">info@hotelpalacioico.com<\/a> zu Ihrer Liste sicherer Absender hinzu.<br \/>\nDiejenigen, die den Geschenkgutschein genie\u00dfen m\u00f6chten, m\u00fcssen sich an sonsoles@hotelpalacioico.com wenden, um die Termine zu vereinbaren.<br \/>\nIgic-Preis inbegriffen.[\/vc_column_text][\/vc_column][vc_column width=&#8220;1\/2&#8243;][\/vc_column][\/vc_row]<\/p>\n<\/div>","protected":false},"excerpt":{"rendered":"<p>Der Hedonismus ist eine philosophische Str\u00f6mung, die davon ausgeht, dass die Suche nach Vergn\u00fcgen das ultimative und wichtigste Ziel des menschlichen Lebens ist. Das ist es auch nicht, aber oft f\u00fchlt es sich so an.<\/p>\n","protected":false},"featured_media":9911,"template":"","meta":{"inline_featured_image":false},"product_brand":[],"product_cat":[115],"product_tag":[],"class_list":{"0":"post-9881","1":"product","2":"type-product","3":"status-publish","4":"has-post-thumbnail","6":"product_cat-momente","8":"first","9":"instock","10":"sold-individually","11":"taxable","12":"shipping-taxable","13":"purchasable","14":"product-type-simple"},"yoast_head":"<!-- This site is optimized with the Yoast SEO plugin v26.6 - https:\/\/yoast.com\/wordpress\/plugins\/seo\/ -->\n<title>Der Hedonist (2P) - Shop Hotel Palacio Ico - Tienda Oficial<\/title>\n<meta name=\"description\" content=\"Transfer Flughafen \u2013 Hotel Palacio ico.Eine Nacht in einer Suite im Palacio ico inklusive Fr\u00fchst\u00fcck.\" \/>\n<meta name=\"robots\" content=\"index, follow, max-snippet:-1, max-image-preview:large, max-video-preview:-1\" \/>\n<link rel=\"canonical\" href=\"https:\/\/shop.hotelpalacioico.com\/de\/producto\/der-hedonist\/\" \/>\n<meta property=\"og:locale\" content=\"de_DE\" \/>\n<meta property=\"og:type\" content=\"article\" \/>\n<meta property=\"og:title\" content=\"Der Hedonist (2P) - Shop Hotel Palacio Ico - Tienda Oficial\" \/>\n<meta property=\"og:description\" content=\"Transfer Flughafen \u2013 Hotel Palacio ico.Eine Nacht in einer Suite im Palacio ico inklusive Fr\u00fchst\u00fcck.\" \/>\n<meta property=\"og:url\" content=\"https:\/\/shop.hotelpalacioico.com\/de\/producto\/der-hedonist\/\" \/>\n<meta property=\"og:site_name\" content=\"Shop Hotel Palacio Ico - Tienda Oficial\" \/>\n<meta property=\"article:modified_time\" content=\"2025-12-23T17:53:20+00:00\" \/>\n<meta property=\"og:image\" content=\"https:\/\/shop.hotelpalacioico.com\/wp-content\/uploads\/2024\/10\/image002.jpg\" \/>\n\t<meta property=\"og:image:width\" content=\"900\" \/>\n\t<meta property=\"og:image:height\" content=\"600\" \/>\n\t<meta property=\"og:image:type\" content=\"image\/jpeg\" \/>\n<meta name=\"twitter:card\" content=\"summary_large_image\" \/>\n<meta name=\"twitter:label1\" content=\"Gesch\u00e4tzte Lesezeit\" \/>\n\t<meta name=\"twitter:data1\" content=\"1\u00a0Minute\" \/>\n<script type=\"application\/ld+json\" class=\"yoast-schema-graph\">{\"@context\":\"https:\/\/schema.org\",\"@graph\":[{\"@type\":\"WebPage\",\"@id\":\"https:\/\/shop.hotelpalacioico.com\/de\/producto\/der-hedonist\/\",\"url\":\"https:\/\/shop.hotelpalacioico.com\/de\/producto\/der-hedonist\/\",\"name\":\"Der Hedonist (2P) - Shop Hotel Palacio Ico - Tienda Oficial\",\"isPartOf\":{\"@id\":\"https:\/\/shop.hotelpalacioico.com\/#website\"},\"primaryImageOfPage\":{\"@id\":\"https:\/\/shop.hotelpalacioico.com\/de\/producto\/der-hedonist\/#primaryimage\"},\"image\":{\"@id\":\"https:\/\/shop.hotelpalacioico.com\/de\/producto\/der-hedonist\/#primaryimage\"},\"thumbnailUrl\":\"https:\/\/shop.hotelpalacioico.com\/wp-content\/uploads\/2024\/10\/image002.jpg\",\"datePublished\":\"2024-10-15T08:21:25+00:00\",\"dateModified\":\"2025-12-23T17:53:20+00:00\",\"description\":\"Transfer Flughafen \u2013 Hotel Palacio ico.Eine Nacht in einer Suite im Palacio ico inklusive Fr\u00fchst\u00fcck.\",\"breadcrumb\":{\"@id\":\"https:\/\/shop.hotelpalacioico.com\/de\/producto\/der-hedonist\/#breadcrumb\"},\"inLanguage\":\"de\",\"potentialAction\":[{\"@type\":\"ReadAction\",\"target\":[\"https:\/\/shop.hotelpalacioico.com\/de\/producto\/der-hedonist\/\"]}]},{\"@type\":\"ImageObject\",\"inLanguage\":\"de\",\"@id\":\"https:\/\/shop.hotelpalacioico.com\/de\/producto\/der-hedonist\/#primaryimage\",\"url\":\"https:\/\/shop.hotelpalacioico.com\/wp-content\/uploads\/2024\/10\/image002.jpg\",\"contentUrl\":\"https:\/\/shop.hotelpalacioico.com\/wp-content\/uploads\/2024\/10\/image002.jpg\",\"width\":900,\"height\":600},{\"@type\":\"BreadcrumbList\",\"@id\":\"https:\/\/shop.hotelpalacioico.com\/de\/producto\/der-hedonist\/#breadcrumb\",\"itemListElement\":[{\"@type\":\"ListItem\",\"position\":1,\"name\":\"Home\",\"item\":\"https:\/\/shop.hotelpalacioico.com\/\"},{\"@type\":\"ListItem\",\"position\":2,\"name\":\"Momente\",\"item\":\"https:\/\/shop.hotelpalacioico.com\/\"},{\"@type\":\"ListItem\",\"position\":3,\"name\":\"Der Hedonist (2P)\"}]},{\"@type\":\"WebSite\",\"@id\":\"https:\/\/shop.hotelpalacioico.com\/#website\",\"url\":\"https:\/\/shop.hotelpalacioico.com\/\",\"name\":\"Shop Hotel Palacio Ico - Tienda Oficial\",\"description\":\"Instantes\",\"potentialAction\":[{\"@type\":\"SearchAction\",\"target\":{\"@type\":\"EntryPoint\",\"urlTemplate\":\"https:\/\/shop.hotelpalacioico.com\/?s={search_term_string}\"},\"query-input\":{\"@type\":\"PropertyValueSpecification\",\"valueRequired\":true,\"valueName\":\"search_term_string\"}}],\"inLanguage\":\"de\"}]}<\/script>\n<!-- \/ Yoast SEO plugin. -->","yoast_head_json":{"title":"Der Hedonist (2P) - Shop Hotel Palacio Ico - Tienda Oficial","description":"Transfer Flughafen \u2013 Hotel Palacio ico.Eine Nacht in einer Suite im Palacio ico inklusive Fr\u00fchst\u00fcck.","robots":{"index":"index","follow":"follow","max-snippet":"max-snippet:-1","max-image-preview":"max-image-preview:large","max-video-preview":"max-video-preview:-1"},"canonical":"https:\/\/shop.hotelpalacioico.com\/de\/producto\/der-hedonist\/","og_locale":"de_DE","og_type":"article","og_title":"Der Hedonist (2P) - Shop Hotel Palacio Ico - Tienda Oficial","og_description":"Transfer Flughafen \u2013 Hotel Palacio ico.Eine Nacht in einer Suite im Palacio ico inklusive Fr\u00fchst\u00fcck.","og_url":"https:\/\/shop.hotelpalacioico.com\/de\/producto\/der-hedonist\/","og_site_name":"Shop Hotel Palacio Ico - Tienda Oficial","article_modified_time":"2025-12-23T17:53:20+00:00","og_image":[{"width":900,"height":600,"url":"https:\/\/shop.hotelpalacioico.com\/wp-content\/uploads\/2024\/10\/image002.jpg","type":"image\/jpeg"}],"twitter_card":"summary_large_image","twitter_misc":{"Gesch\u00e4tzte Lesezeit":"1\u00a0Minute"},"schema":{"@context":"https:\/\/schema.org","@graph":[{"@type":"WebPage","@id":"https:\/\/shop.hotelpalacioico.com\/de\/producto\/der-hedonist\/","url":"https:\/\/shop.hotelpalacioico.com\/de\/producto\/der-hedonist\/","name":"Der Hedonist (2P) - Shop Hotel Palacio Ico - Tienda Oficial","isPartOf":{"@id":"https:\/\/shop.hotelpalacioico.com\/#website"},"primaryImageOfPage":{"@id":"https:\/\/shop.hotelpalacioico.com\/de\/producto\/der-hedonist\/#primaryimage"},"image":{"@id":"https:\/\/shop.hotelpalacioico.com\/de\/producto\/der-hedonist\/#primaryimage"},"thumbnailUrl":"https:\/\/shop.hotelpalacioico.com\/wp-content\/uploads\/2024\/10\/image002.jpg","datePublished":"2024-10-15T08:21:25+00:00","dateModified":"2025-12-23T17:53:20+00:00","description":"Transfer Flughafen \u2013 Hotel Palacio ico.Eine Nacht in einer Suite im Palacio ico inklusive Fr\u00fchst\u00fcck.","breadcrumb":{"@id":"https:\/\/shop.hotelpalacioico.com\/de\/producto\/der-hedonist\/#breadcrumb"},"inLanguage":"de","potentialAction":[{"@type":"ReadAction","target":["https:\/\/shop.hotelpalacioico.com\/de\/producto\/der-hedonist\/"]}]},{"@type":"ImageObject","inLanguage":"de","@id":"https:\/\/shop.hotelpalacioico.com\/de\/producto\/der-hedonist\/#primaryimage","url":"https:\/\/shop.hotelpalacioico.com\/wp-content\/uploads\/2024\/10\/image002.jpg","contentUrl":"https:\/\/shop.hotelpalacioico.com\/wp-content\/uploads\/2024\/10\/image002.jpg","width":900,"height":600},{"@type":"BreadcrumbList","@id":"https:\/\/shop.hotelpalacioico.com\/de\/producto\/der-hedonist\/#breadcrumb","itemListElement":[{"@type":"ListItem","position":1,"name":"Home","item":"https:\/\/shop.hotelpalacioico.com\/"},{"@type":"ListItem","position":2,"name":"Momente","item":"https:\/\/shop.hotelpalacioico.com\/"},{"@type":"ListItem","position":3,"name":"Der Hedonist (2P)"}]},{"@type":"WebSite","@id":"https:\/\/shop.hotelpalacioico.com\/#website","url":"https:\/\/shop.hotelpalacioico.com\/","name":"Shop Hotel Palacio Ico - Tienda Oficial","description":"Instantes","potentialAction":[{"@type":"SearchAction","target":{"@type":"EntryPoint","urlTemplate":"https:\/\/shop.hotelpalacioico.com\/?s={search_term_string}"},"query-input":{"@type":"PropertyValueSpecification","valueRequired":true,"valueName":"search_term_string"}}],"inLanguage":"de"}]}},"_links":{"self":[{"href":"https:\/\/shop.hotelpalacioico.com\/de\/wp-json\/wp\/v2\/product\/9881","targetHints":{"allow":["GET"]}}],"collection":[{"href":"https:\/\/shop.hotelpalacioico.com\/de\/wp-json\/wp\/v2\/product"}],"about":[{"href":"https:\/\/shop.hotelpalacioico.com\/de\/wp-json\/wp\/v2\/types\/product"}],"wp:featuredmedia":[{"embeddable":true,"href":"https:\/\/shop.hotelpalacioico.com\/de\/wp-json\/wp\/v2\/media\/9911"}],"wp:attachment":[{"href":"https:\/\/shop.hotelpalacioico.com\/de\/wp-json\/wp\/v2\/media?parent=9881"}],"wp:term":[{"taxonomy":"product_brand","embeddable":true,"href":"https:\/\/shop.hotelpalacioico.com\/de\/wp-json\/wp\/v2\/product_brand?post=9881"},{"taxonomy":"product_cat","embeddable":true,"href":"https:\/\/shop.hotelpalacioico.com\/de\/wp-json\/wp\/v2\/product_cat?post=9881"},{"taxonomy":"product_tag","embeddable":true,"href":"https:\/\/shop.hotelpalacioico.com\/de\/wp-json\/wp\/v2\/product_tag?post=9881"}],"curies":[{"name":"wp","href":"https:\/\/api.w.org\/{rel}","templated":true}]}}