{"id":8820,"date":"2023-06-12T11:33:07","date_gmt":"2023-06-12T09:33:07","guid":{"rendered":"https:\/\/shop.sonbrull.com\/producto\/moment-valor-500e\/"},"modified":"2024-12-24T15:55:13","modified_gmt":"2024-12-24T14:55:13","slug":"brunch-palacio-ico","status":"publish","type":"product","link":"https:\/\/shop.hotelpalacioico.com\/de\/producto\/brunch-palacio-ico\/","title":{"rendered":"Brunch Palacio Ico"},"content":{"rendered":"<div class=\"wpb-content-wrapper\"><p>[vc_row][vc_column width=&#8220;1\/2&#8243;][vc_column_text css=&#8220;&#8220; woodmart_inline=&#8220;no&#8220; text_larger=&#8220;no&#8220;]<strong>Inklusive<\/strong><br \/>\nGesunde und nahrhafte Brunchs, t\u00e4glich mit frischen und regionalen Zutaten zubereitet. Zu den Highlights z\u00e4hlen unsere hausgemachten Fruchtmarmeladen der Saison, nat\u00fcrliche S\u00e4fte, handwerklich hergestellte Kuchen, Eier von im Freien in Tabayesco gez\u00fcchteten H\u00fchnern, Bio-Tinajo-Brot und eine Auswahl international ausgezeichneter lokaler K\u00e4sesorten. All dies begleitet von auf Bestellung geschnittenen W\u00fcrstchen und iberischem Schinken sowie einem Glas Cava, um das Erlebnis abzurunden.<br \/>\nIgic-Preis inbegriffen.[\/vc_column_text][\/vc_column][vc_column width=&#8220;1\/2&#8243;][vc_column_text css=&#8220;&#8220; woodmart_inline=&#8220;no&#8220; text_larger=&#8220;no&#8220;]<strong>G\u00fcltigkeit<\/strong><br \/>\n3 Monate.\u20281 Person.<\/p>\n<p><strong>Nutzungsbedingungen<\/strong><br \/>\nJe nach Verf\u00fcgbarkeit.<br \/>\nMit vorheriger Reservierung <a href=\"https:\/\/widget.thefork.com\/es\/a75a7b5d-adcd-4eaa-bd16-49818c2b2857?utm_source=restaurantepalacioico.com&amp;step=date\">hier<\/a>.<br \/>\n(Sie werden nach Bankkartendaten gefragt und es wird lediglich eine No-Show-Geb\u00fchr erhoben.)<br \/>\nDas Originaldokument muss am reservierten Tag vorgelegt werden.<\/p>\n<p>Um die Zustellung zu garantieren, f\u00fcgen Sie info@hotelpalacioico.com zu Ihrer Liste sicherer Absender hinzu[\/vc_column_text][\/vc_column][\/vc_row][vc_row][vc_column width=&#8220;1\/2&#8243;][vc_column_text css=&#8220;&#8220; woodmart_inline=&#8220;no&#8220; text_larger=&#8220;no&#8220;]<strong>Lieferung<\/strong><br \/>\nPer E-Mail mit angeh\u00e4ngtem Dokument im PDF-Format.<br \/>\nDer Versand erfolgt direkt nach dem Kauf per E-Mail.<br \/>\nDas INSTANT ist im PDF-Format beigef\u00fcgt und wird separat von der Bestellbest\u00e4tigungs-E-Mail versendet.<br \/>\nUm die Zustellung sicherzustellen, f\u00fcgen Sie bitte <a href=\"mailto:info@hotelpalacioico.com\">info@hotelpalacioico.com<\/a> zu Ihrer Liste sicherer Absender hinzu.[\/vc_column_text][\/vc_column][vc_column width=&#8220;1\/2&#8243;][\/vc_column][\/vc_row]<\/p>\n<\/div>","protected":false},"excerpt":{"rendered":"<p>Genie\u00dfen Sie einen Brunch in der einzigartigen und exklusiven Umgebung des ICO Palace, einem symboltr\u00e4chtigen Ort, der von C\u00e9sar Manrique in seinem Buch \u201eLanzarote, In\u00e9dita-Architektur\u201c empfohlen wird. Im Herzen von Teguise gelegen, ist unser Raum der perfekte Ort, um die Authentizit\u00e4t und Ruhe von Lanzarote zu genie\u00dfen.<\/p>\n","protected":false},"featured_media":9863,"template":"","meta":{"inline_featured_image":false},"product_brand":[],"product_cat":[115],"product_tag":[],"class_list":{"0":"post-8820","1":"product","2":"type-product","3":"status-publish","4":"has-post-thumbnail","6":"product_cat-momente","8":"first","9":"instock","10":"sold-individually","11":"taxable","12":"shipping-taxable","13":"purchasable","14":"product-type-simple"},"yoast_head":"<!-- This site is optimized with the Yoast SEO plugin v26.6 - https:\/\/yoast.com\/wordpress\/plugins\/seo\/ -->\n<title>Brunch Palacio Ico - Shop Hotel Palacio Ico - Tienda Oficial<\/title>\n<meta name=\"description\" content=\"Gesunde und nahrhafte Brunchs, t\u00e4glich mit frischen und regionalen Zutaten zubereitet. Zu den Highlights z\u00e4hlen unsere hausgemachten Fruchtmarmeladen\" \/>\n<meta name=\"robots\" content=\"index, follow, max-snippet:-1, max-image-preview:large, max-video-preview:-1\" \/>\n<link rel=\"canonical\" href=\"https:\/\/shop.hotelpalacioico.com\/de\/producto\/brunch-palacio-ico\/\" \/>\n<meta property=\"og:locale\" content=\"de_DE\" \/>\n<meta property=\"og:type\" content=\"article\" \/>\n<meta property=\"og:title\" content=\"Brunch Palacio Ico - Shop Hotel Palacio Ico - Tienda Oficial\" \/>\n<meta property=\"og:description\" content=\"Gesunde und nahrhafte Brunchs, t\u00e4glich mit frischen und regionalen Zutaten zubereitet. Zu den Highlights z\u00e4hlen unsere hausgemachten Fruchtmarmeladen\" \/>\n<meta property=\"og:url\" content=\"https:\/\/shop.hotelpalacioico.com\/de\/producto\/brunch-palacio-ico\/\" \/>\n<meta property=\"og:site_name\" content=\"Shop Hotel Palacio Ico - Tienda Oficial\" \/>\n<meta property=\"article:modified_time\" content=\"2024-12-24T14:55:13+00:00\" \/>\n<meta property=\"og:image\" content=\"https:\/\/shop.hotelpalacioico.com\/wp-content\/uploads\/2023\/06\/Brunch.-2.jpg\" \/>\n\t<meta property=\"og:image:width\" content=\"1024\" \/>\n\t<meta property=\"og:image:height\" content=\"683\" \/>\n\t<meta property=\"og:image:type\" content=\"image\/jpeg\" \/>\n<meta name=\"twitter:card\" content=\"summary_large_image\" \/>\n<meta name=\"twitter:label1\" content=\"Gesch\u00e4tzte Lesezeit\" \/>\n\t<meta name=\"twitter:data1\" content=\"1\u00a0Minute\" \/>\n<script type=\"application\/ld+json\" class=\"yoast-schema-graph\">{\"@context\":\"https:\/\/schema.org\",\"@graph\":[{\"@type\":\"WebPage\",\"@id\":\"https:\/\/shop.hotelpalacioico.com\/de\/producto\/brunch-palacio-ico\/\",\"url\":\"https:\/\/shop.hotelpalacioico.com\/de\/producto\/brunch-palacio-ico\/\",\"name\":\"Brunch Palacio Ico - Shop Hotel Palacio Ico - Tienda Oficial\",\"isPartOf\":{\"@id\":\"https:\/\/shop.hotelpalacioico.com\/#website\"},\"primaryImageOfPage\":{\"@id\":\"https:\/\/shop.hotelpalacioico.com\/de\/producto\/brunch-palacio-ico\/#primaryimage\"},\"image\":{\"@id\":\"https:\/\/shop.hotelpalacioico.com\/de\/producto\/brunch-palacio-ico\/#primaryimage\"},\"thumbnailUrl\":\"https:\/\/shop.hotelpalacioico.com\/wp-content\/uploads\/2023\/06\/Brunch.-2.jpg\",\"datePublished\":\"2023-06-12T09:33:07+00:00\",\"dateModified\":\"2024-12-24T14:55:13+00:00\",\"description\":\"Gesunde und nahrhafte Brunchs, t\u00e4glich mit frischen und regionalen Zutaten zubereitet. Zu den Highlights z\u00e4hlen unsere hausgemachten Fruchtmarmeladen\",\"breadcrumb\":{\"@id\":\"https:\/\/shop.hotelpalacioico.com\/de\/producto\/brunch-palacio-ico\/#breadcrumb\"},\"inLanguage\":\"de\",\"potentialAction\":[{\"@type\":\"ReadAction\",\"target\":[\"https:\/\/shop.hotelpalacioico.com\/de\/producto\/brunch-palacio-ico\/\"]}]},{\"@type\":\"ImageObject\",\"inLanguage\":\"de\",\"@id\":\"https:\/\/shop.hotelpalacioico.com\/de\/producto\/brunch-palacio-ico\/#primaryimage\",\"url\":\"https:\/\/shop.hotelpalacioico.com\/wp-content\/uploads\/2023\/06\/Brunch.-2.jpg\",\"contentUrl\":\"https:\/\/shop.hotelpalacioico.com\/wp-content\/uploads\/2023\/06\/Brunch.-2.jpg\",\"width\":1024,\"height\":683},{\"@type\":\"BreadcrumbList\",\"@id\":\"https:\/\/shop.hotelpalacioico.com\/de\/producto\/brunch-palacio-ico\/#breadcrumb\",\"itemListElement\":[{\"@type\":\"ListItem\",\"position\":1,\"name\":\"Home\",\"item\":\"https:\/\/shop.hotelpalacioico.com\/\"},{\"@type\":\"ListItem\",\"position\":2,\"name\":\"Momente\",\"item\":\"https:\/\/shop.hotelpalacioico.com\/\"},{\"@type\":\"ListItem\",\"position\":3,\"name\":\"Brunch Palacio Ico\"}]},{\"@type\":\"WebSite\",\"@id\":\"https:\/\/shop.hotelpalacioico.com\/#website\",\"url\":\"https:\/\/shop.hotelpalacioico.com\/\",\"name\":\"Shop Hotel Palacio Ico - Tienda Oficial\",\"description\":\"Instantes\",\"potentialAction\":[{\"@type\":\"SearchAction\",\"target\":{\"@type\":\"EntryPoint\",\"urlTemplate\":\"https:\/\/shop.hotelpalacioico.com\/?s={search_term_string}\"},\"query-input\":{\"@type\":\"PropertyValueSpecification\",\"valueRequired\":true,\"valueName\":\"search_term_string\"}}],\"inLanguage\":\"de\"}]}<\/script>\n<!-- \/ Yoast SEO plugin. -->","yoast_head_json":{"title":"Brunch Palacio Ico - Shop Hotel Palacio Ico - Tienda Oficial","description":"Gesunde und nahrhafte Brunchs, t\u00e4glich mit frischen und regionalen Zutaten zubereitet. Zu den Highlights z\u00e4hlen unsere hausgemachten Fruchtmarmeladen","robots":{"index":"index","follow":"follow","max-snippet":"max-snippet:-1","max-image-preview":"max-image-preview:large","max-video-preview":"max-video-preview:-1"},"canonical":"https:\/\/shop.hotelpalacioico.com\/de\/producto\/brunch-palacio-ico\/","og_locale":"de_DE","og_type":"article","og_title":"Brunch Palacio Ico - Shop Hotel Palacio Ico - Tienda Oficial","og_description":"Gesunde und nahrhafte Brunchs, t\u00e4glich mit frischen und regionalen Zutaten zubereitet. Zu den Highlights z\u00e4hlen unsere hausgemachten Fruchtmarmeladen","og_url":"https:\/\/shop.hotelpalacioico.com\/de\/producto\/brunch-palacio-ico\/","og_site_name":"Shop Hotel Palacio Ico - Tienda Oficial","article_modified_time":"2024-12-24T14:55:13+00:00","og_image":[{"width":1024,"height":683,"url":"https:\/\/shop.hotelpalacioico.com\/wp-content\/uploads\/2023\/06\/Brunch.-2.jpg","type":"image\/jpeg"}],"twitter_card":"summary_large_image","twitter_misc":{"Gesch\u00e4tzte Lesezeit":"1\u00a0Minute"},"schema":{"@context":"https:\/\/schema.org","@graph":[{"@type":"WebPage","@id":"https:\/\/shop.hotelpalacioico.com\/de\/producto\/brunch-palacio-ico\/","url":"https:\/\/shop.hotelpalacioico.com\/de\/producto\/brunch-palacio-ico\/","name":"Brunch Palacio Ico - Shop Hotel Palacio Ico - Tienda Oficial","isPartOf":{"@id":"https:\/\/shop.hotelpalacioico.com\/#website"},"primaryImageOfPage":{"@id":"https:\/\/shop.hotelpalacioico.com\/de\/producto\/brunch-palacio-ico\/#primaryimage"},"image":{"@id":"https:\/\/shop.hotelpalacioico.com\/de\/producto\/brunch-palacio-ico\/#primaryimage"},"thumbnailUrl":"https:\/\/shop.hotelpalacioico.com\/wp-content\/uploads\/2023\/06\/Brunch.-2.jpg","datePublished":"2023-06-12T09:33:07+00:00","dateModified":"2024-12-24T14:55:13+00:00","description":"Gesunde und nahrhafte Brunchs, t\u00e4glich mit frischen und regionalen Zutaten zubereitet. Zu den Highlights z\u00e4hlen unsere hausgemachten Fruchtmarmeladen","breadcrumb":{"@id":"https:\/\/shop.hotelpalacioico.com\/de\/producto\/brunch-palacio-ico\/#breadcrumb"},"inLanguage":"de","potentialAction":[{"@type":"ReadAction","target":["https:\/\/shop.hotelpalacioico.com\/de\/producto\/brunch-palacio-ico\/"]}]},{"@type":"ImageObject","inLanguage":"de","@id":"https:\/\/shop.hotelpalacioico.com\/de\/producto\/brunch-palacio-ico\/#primaryimage","url":"https:\/\/shop.hotelpalacioico.com\/wp-content\/uploads\/2023\/06\/Brunch.-2.jpg","contentUrl":"https:\/\/shop.hotelpalacioico.com\/wp-content\/uploads\/2023\/06\/Brunch.-2.jpg","width":1024,"height":683},{"@type":"BreadcrumbList","@id":"https:\/\/shop.hotelpalacioico.com\/de\/producto\/brunch-palacio-ico\/#breadcrumb","itemListElement":[{"@type":"ListItem","position":1,"name":"Home","item":"https:\/\/shop.hotelpalacioico.com\/"},{"@type":"ListItem","position":2,"name":"Momente","item":"https:\/\/shop.hotelpalacioico.com\/"},{"@type":"ListItem","position":3,"name":"Brunch Palacio Ico"}]},{"@type":"WebSite","@id":"https:\/\/shop.hotelpalacioico.com\/#website","url":"https:\/\/shop.hotelpalacioico.com\/","name":"Shop Hotel Palacio Ico - Tienda Oficial","description":"Instantes","potentialAction":[{"@type":"SearchAction","target":{"@type":"EntryPoint","urlTemplate":"https:\/\/shop.hotelpalacioico.com\/?s={search_term_string}"},"query-input":{"@type":"PropertyValueSpecification","valueRequired":true,"valueName":"search_term_string"}}],"inLanguage":"de"}]}},"_links":{"self":[{"href":"https:\/\/shop.hotelpalacioico.com\/de\/wp-json\/wp\/v2\/product\/8820","targetHints":{"allow":["GET"]}}],"collection":[{"href":"https:\/\/shop.hotelpalacioico.com\/de\/wp-json\/wp\/v2\/product"}],"about":[{"href":"https:\/\/shop.hotelpalacioico.com\/de\/wp-json\/wp\/v2\/types\/product"}],"wp:featuredmedia":[{"embeddable":true,"href":"https:\/\/shop.hotelpalacioico.com\/de\/wp-json\/wp\/v2\/media\/9863"}],"wp:attachment":[{"href":"https:\/\/shop.hotelpalacioico.com\/de\/wp-json\/wp\/v2\/media?parent=8820"}],"wp:term":[{"taxonomy":"product_brand","embeddable":true,"href":"https:\/\/shop.hotelpalacioico.com\/de\/wp-json\/wp\/v2\/product_brand?post=8820"},{"taxonomy":"product_cat","embeddable":true,"href":"https:\/\/shop.hotelpalacioico.com\/de\/wp-json\/wp\/v2\/product_cat?post=8820"},{"taxonomy":"product_tag","embeddable":true,"href":"https:\/\/shop.hotelpalacioico.com\/de\/wp-json\/wp\/v2\/product_tag?post=8820"}],"curies":[{"name":"wp","href":"https:\/\/api.w.org\/{rel}","templated":true}]}}