{"id":10073,"date":"2024-12-17T17:58:21","date_gmt":"2024-12-17T16:58:21","guid":{"rendered":"https:\/\/shop.hotelpalacioico.com\/?post_type=product&#038;p=10073"},"modified":"2025-12-23T18:43:27","modified_gmt":"2025-12-23T17:43:27","slug":"degustationsmenue-2p","status":"publish","type":"product","link":"https:\/\/shop.hotelpalacioico.com\/de\/producto\/degustationsmenue-2p\/","title":{"rendered":"Degustationsmen\u00fc (2P)"},"content":{"rendered":"<div class=\"wpb-content-wrapper\"><p>[vc_row][vc_column width=&#8220;1\/2&#8243;][vc_column_text css=&#8220;&#8220; woodmart_inline=&#8220;no&#8220; text_larger=&#8220;no&#8220;]<strong>Inklusive<\/strong><br \/>\nZwei Degustationsmen\u00fcs 01. [\/vc_column_text][\/vc_column][vc_column width=&#8220;1\/2&#8243;][vc_column_text css=&#8220;&#8220; woodmart_inline=&#8220;no&#8220; text_larger=&#8220;no&#8220;]<strong>G\u00fcltigkeit<\/strong><br \/>\n3 Monate.\u20282 Personen.<\/p>\n<p><strong>Nutzungsbedingungen<br \/>\n<\/strong>Je nach Verf\u00fcgbarkeit.<br \/>\nMit vorheriger Reservierung <a href=\"https:\/\/widget.thefork.com\/es\/a75a7b5d-adcd-4eaa-bd16-49818c2b2857?utm_source=restaurantepalacioico.com&amp;step=date\">hier<\/a>.<br \/>\n<em>(Sie werden nach Bankkartendaten gefragt und es wird lediglich eine No-Show-Geb\u00fchr erhoben.)<\/em><br \/>\nDas Originaldokument muss am reservierten Tag vorgelegt werden.<\/p>\n<p>Um die Zustellung zu garantieren, f\u00fcgen Sie <a href=\"mailto:info@hotelpalacioico.com\">info@hotelpalacioico.com<\/a> zu Ihrer Liste sicherer Absender hinzu[\/vc_column_text][\/vc_column][\/vc_row][vc_row][vc_column width=&#8220;1\/2&#8243;][vc_column_text css=&#8220;&#8220; woodmart_inline=&#8220;no&#8220; text_larger=&#8220;no&#8220;]<strong>Lieferung<\/strong><br \/>\nPer E-Mail mit angeh\u00e4ngtem Dokument im PDF-Format.<br \/>\nDer Versand erfolgt direkt nach dem Kauf per E-Mail.<br \/>\nDas INSTANT ist im PDF-Format beigef\u00fcgt und wird separat von der Bestellbest\u00e4tigungs-E-Mail versendet.<br \/>\nUm die Zustellung sicherzustellen, f\u00fcgen Sie bitte <a href=\"mailto:info@hotelpalacioico.com\">info@hotelpalacioico.com<\/a> zu Ihrer Liste sicherer Absender hinzu.[\/vc_column_text][\/vc_column][vc_column width=&#8220;1\/2&#8243;][\/vc_column][\/vc_row]<\/p>\n<\/div>","protected":false},"excerpt":{"rendered":"<p>Ein unvergesslicher Moment, ein einzigartiger Ort, ein Abendessen mit der Person, die Sie am meisten lieben, im vom Guide MICHELIN empfohlenen Restaurant Palacio Ico.<\/p>\n","protected":false},"featured_media":9998,"template":"","meta":{"inline_featured_image":false},"product_brand":[],"product_cat":[115],"product_tag":[],"class_list":{"0":"post-10073","1":"product","2":"type-product","3":"status-publish","4":"has-post-thumbnail","6":"product_cat-momente","8":"first","9":"instock","10":"sold-individually","11":"taxable","12":"shipping-taxable","13":"purchasable","14":"product-type-simple"},"yoast_head":"<!-- This site is optimized with the Yoast SEO plugin v26.6 - https:\/\/yoast.com\/wordpress\/plugins\/seo\/ -->\n<title>Degustationsmen\u00fc (2P) - Shop Hotel Palacio Ico - Tienda Oficial<\/title>\n<meta name=\"description\" content=\"\u00dcbergabe eines Blumenstrau\u00dfes zum Zeitpunkt des Einlasses.\u2028Zwei Degustationsmen\u00fcs 01. Klassische Kombination. (Es gibt eine alkoholfreie Option).\" \/>\n<meta name=\"robots\" content=\"index, follow, max-snippet:-1, max-image-preview:large, max-video-preview:-1\" \/>\n<link rel=\"canonical\" href=\"https:\/\/shop.hotelpalacioico.com\/de\/producto\/degustationsmenue-2p\/\" \/>\n<meta property=\"og:locale\" content=\"de_DE\" \/>\n<meta property=\"og:type\" content=\"article\" \/>\n<meta property=\"og:title\" content=\"Degustationsmen\u00fc (2P) - Shop Hotel Palacio Ico - Tienda Oficial\" \/>\n<meta property=\"og:description\" content=\"\u00dcbergabe eines Blumenstrau\u00dfes zum Zeitpunkt des Einlasses.\u2028Zwei Degustationsmen\u00fcs 01. Klassische Kombination. (Es gibt eine alkoholfreie Option).\" \/>\n<meta property=\"og:url\" content=\"https:\/\/shop.hotelpalacioico.com\/de\/producto\/degustationsmenue-2p\/\" \/>\n<meta property=\"og:site_name\" content=\"Shop Hotel Palacio Ico - Tienda Oficial\" \/>\n<meta property=\"article:modified_time\" content=\"2025-12-23T17:43:27+00:00\" \/>\n<meta property=\"og:image\" content=\"https:\/\/shop.hotelpalacioico.com\/wp-content\/uploads\/2024\/11\/R.PI_MD_michelin_-2.jpg\" \/>\n\t<meta property=\"og:image:width\" content=\"900\" \/>\n\t<meta property=\"og:image:height\" content=\"900\" \/>\n\t<meta property=\"og:image:type\" content=\"image\/jpeg\" \/>\n<meta name=\"twitter:card\" content=\"summary_large_image\" \/>\n<meta name=\"twitter:label1\" content=\"Gesch\u00e4tzte Lesezeit\" \/>\n\t<meta name=\"twitter:data1\" content=\"1\u00a0Minute\" \/>\n<script type=\"application\/ld+json\" class=\"yoast-schema-graph\">{\"@context\":\"https:\/\/schema.org\",\"@graph\":[{\"@type\":\"WebPage\",\"@id\":\"https:\/\/shop.hotelpalacioico.com\/de\/producto\/degustationsmenue-2p\/\",\"url\":\"https:\/\/shop.hotelpalacioico.com\/de\/producto\/degustationsmenue-2p\/\",\"name\":\"Degustationsmen\u00fc (2P) - Shop Hotel Palacio Ico - Tienda Oficial\",\"isPartOf\":{\"@id\":\"https:\/\/shop.hotelpalacioico.com\/#website\"},\"primaryImageOfPage\":{\"@id\":\"https:\/\/shop.hotelpalacioico.com\/de\/producto\/degustationsmenue-2p\/#primaryimage\"},\"image\":{\"@id\":\"https:\/\/shop.hotelpalacioico.com\/de\/producto\/degustationsmenue-2p\/#primaryimage\"},\"thumbnailUrl\":\"https:\/\/shop.hotelpalacioico.com\/wp-content\/uploads\/2024\/11\/R.PI_MD_michelin_-2.jpg\",\"datePublished\":\"2024-12-17T16:58:21+00:00\",\"dateModified\":\"2025-12-23T17:43:27+00:00\",\"description\":\"\u00dcbergabe eines Blumenstrau\u00dfes zum Zeitpunkt des Einlasses.\\u2028Zwei Degustationsmen\u00fcs 01. Klassische Kombination. (Es gibt eine alkoholfreie Option).\",\"breadcrumb\":{\"@id\":\"https:\/\/shop.hotelpalacioico.com\/de\/producto\/degustationsmenue-2p\/#breadcrumb\"},\"inLanguage\":\"de\",\"potentialAction\":[{\"@type\":\"ReadAction\",\"target\":[\"https:\/\/shop.hotelpalacioico.com\/de\/producto\/degustationsmenue-2p\/\"]}]},{\"@type\":\"ImageObject\",\"inLanguage\":\"de\",\"@id\":\"https:\/\/shop.hotelpalacioico.com\/de\/producto\/degustationsmenue-2p\/#primaryimage\",\"url\":\"https:\/\/shop.hotelpalacioico.com\/wp-content\/uploads\/2024\/11\/R.PI_MD_michelin_-2.jpg\",\"contentUrl\":\"https:\/\/shop.hotelpalacioico.com\/wp-content\/uploads\/2024\/11\/R.PI_MD_michelin_-2.jpg\",\"width\":900,\"height\":900},{\"@type\":\"BreadcrumbList\",\"@id\":\"https:\/\/shop.hotelpalacioico.com\/de\/producto\/degustationsmenue-2p\/#breadcrumb\",\"itemListElement\":[{\"@type\":\"ListItem\",\"position\":1,\"name\":\"Home\",\"item\":\"https:\/\/shop.hotelpalacioico.com\/\"},{\"@type\":\"ListItem\",\"position\":2,\"name\":\"Momente\",\"item\":\"https:\/\/shop.hotelpalacioico.com\/\"},{\"@type\":\"ListItem\",\"position\":3,\"name\":\"Degustationsmen\u00fc (2P)\"}]},{\"@type\":\"WebSite\",\"@id\":\"https:\/\/shop.hotelpalacioico.com\/#website\",\"url\":\"https:\/\/shop.hotelpalacioico.com\/\",\"name\":\"Shop Hotel Palacio Ico - Tienda Oficial\",\"description\":\"Instantes\",\"potentialAction\":[{\"@type\":\"SearchAction\",\"target\":{\"@type\":\"EntryPoint\",\"urlTemplate\":\"https:\/\/shop.hotelpalacioico.com\/?s={search_term_string}\"},\"query-input\":{\"@type\":\"PropertyValueSpecification\",\"valueRequired\":true,\"valueName\":\"search_term_string\"}}],\"inLanguage\":\"de\"}]}<\/script>\n<!-- \/ Yoast SEO plugin. -->","yoast_head_json":{"title":"Degustationsmen\u00fc (2P) - Shop Hotel Palacio Ico - Tienda Oficial","description":"\u00dcbergabe eines Blumenstrau\u00dfes zum Zeitpunkt des Einlasses.\u2028Zwei Degustationsmen\u00fcs 01. Klassische Kombination. (Es gibt eine alkoholfreie Option).","robots":{"index":"index","follow":"follow","max-snippet":"max-snippet:-1","max-image-preview":"max-image-preview:large","max-video-preview":"max-video-preview:-1"},"canonical":"https:\/\/shop.hotelpalacioico.com\/de\/producto\/degustationsmenue-2p\/","og_locale":"de_DE","og_type":"article","og_title":"Degustationsmen\u00fc (2P) - Shop Hotel Palacio Ico - Tienda Oficial","og_description":"\u00dcbergabe eines Blumenstrau\u00dfes zum Zeitpunkt des Einlasses.\u2028Zwei Degustationsmen\u00fcs 01. Klassische Kombination. (Es gibt eine alkoholfreie Option).","og_url":"https:\/\/shop.hotelpalacioico.com\/de\/producto\/degustationsmenue-2p\/","og_site_name":"Shop Hotel Palacio Ico - Tienda Oficial","article_modified_time":"2025-12-23T17:43:27+00:00","og_image":[{"width":900,"height":900,"url":"https:\/\/shop.hotelpalacioico.com\/wp-content\/uploads\/2024\/11\/R.PI_MD_michelin_-2.jpg","type":"image\/jpeg"}],"twitter_card":"summary_large_image","twitter_misc":{"Gesch\u00e4tzte Lesezeit":"1\u00a0Minute"},"schema":{"@context":"https:\/\/schema.org","@graph":[{"@type":"WebPage","@id":"https:\/\/shop.hotelpalacioico.com\/de\/producto\/degustationsmenue-2p\/","url":"https:\/\/shop.hotelpalacioico.com\/de\/producto\/degustationsmenue-2p\/","name":"Degustationsmen\u00fc (2P) - Shop Hotel Palacio Ico - Tienda Oficial","isPartOf":{"@id":"https:\/\/shop.hotelpalacioico.com\/#website"},"primaryImageOfPage":{"@id":"https:\/\/shop.hotelpalacioico.com\/de\/producto\/degustationsmenue-2p\/#primaryimage"},"image":{"@id":"https:\/\/shop.hotelpalacioico.com\/de\/producto\/degustationsmenue-2p\/#primaryimage"},"thumbnailUrl":"https:\/\/shop.hotelpalacioico.com\/wp-content\/uploads\/2024\/11\/R.PI_MD_michelin_-2.jpg","datePublished":"2024-12-17T16:58:21+00:00","dateModified":"2025-12-23T17:43:27+00:00","description":"\u00dcbergabe eines Blumenstrau\u00dfes zum Zeitpunkt des Einlasses.\u2028Zwei Degustationsmen\u00fcs 01. Klassische Kombination. (Es gibt eine alkoholfreie Option).","breadcrumb":{"@id":"https:\/\/shop.hotelpalacioico.com\/de\/producto\/degustationsmenue-2p\/#breadcrumb"},"inLanguage":"de","potentialAction":[{"@type":"ReadAction","target":["https:\/\/shop.hotelpalacioico.com\/de\/producto\/degustationsmenue-2p\/"]}]},{"@type":"ImageObject","inLanguage":"de","@id":"https:\/\/shop.hotelpalacioico.com\/de\/producto\/degustationsmenue-2p\/#primaryimage","url":"https:\/\/shop.hotelpalacioico.com\/wp-content\/uploads\/2024\/11\/R.PI_MD_michelin_-2.jpg","contentUrl":"https:\/\/shop.hotelpalacioico.com\/wp-content\/uploads\/2024\/11\/R.PI_MD_michelin_-2.jpg","width":900,"height":900},{"@type":"BreadcrumbList","@id":"https:\/\/shop.hotelpalacioico.com\/de\/producto\/degustationsmenue-2p\/#breadcrumb","itemListElement":[{"@type":"ListItem","position":1,"name":"Home","item":"https:\/\/shop.hotelpalacioico.com\/"},{"@type":"ListItem","position":2,"name":"Momente","item":"https:\/\/shop.hotelpalacioico.com\/"},{"@type":"ListItem","position":3,"name":"Degustationsmen\u00fc (2P)"}]},{"@type":"WebSite","@id":"https:\/\/shop.hotelpalacioico.com\/#website","url":"https:\/\/shop.hotelpalacioico.com\/","name":"Shop Hotel Palacio Ico - Tienda Oficial","description":"Instantes","potentialAction":[{"@type":"SearchAction","target":{"@type":"EntryPoint","urlTemplate":"https:\/\/shop.hotelpalacioico.com\/?s={search_term_string}"},"query-input":{"@type":"PropertyValueSpecification","valueRequired":true,"valueName":"search_term_string"}}],"inLanguage":"de"}]}},"_links":{"self":[{"href":"https:\/\/shop.hotelpalacioico.com\/de\/wp-json\/wp\/v2\/product\/10073","targetHints":{"allow":["GET"]}}],"collection":[{"href":"https:\/\/shop.hotelpalacioico.com\/de\/wp-json\/wp\/v2\/product"}],"about":[{"href":"https:\/\/shop.hotelpalacioico.com\/de\/wp-json\/wp\/v2\/types\/product"}],"wp:featuredmedia":[{"embeddable":true,"href":"https:\/\/shop.hotelpalacioico.com\/de\/wp-json\/wp\/v2\/media\/9998"}],"wp:attachment":[{"href":"https:\/\/shop.hotelpalacioico.com\/de\/wp-json\/wp\/v2\/media?parent=10073"}],"wp:term":[{"taxonomy":"product_brand","embeddable":true,"href":"https:\/\/shop.hotelpalacioico.com\/de\/wp-json\/wp\/v2\/product_brand?post=10073"},{"taxonomy":"product_cat","embeddable":true,"href":"https:\/\/shop.hotelpalacioico.com\/de\/wp-json\/wp\/v2\/product_cat?post=10073"},{"taxonomy":"product_tag","embeddable":true,"href":"https:\/\/shop.hotelpalacioico.com\/de\/wp-json\/wp\/v2\/product_tag?post=10073"}],"curies":[{"name":"wp","href":"https:\/\/api.w.org\/{rel}","templated":true}]}}