{"id":10056,"date":"2024-12-17T17:29:00","date_gmt":"2024-12-17T16:29:00","guid":{"rendered":"https:\/\/shop.hotelpalacioico.com\/?post_type=product&#038;p=10056"},"modified":"2025-12-23T18:32:37","modified_gmt":"2025-12-23T17:32:37","slug":"intime-nacht-2p-suite-zimmer-fruehstueck","status":"publish","type":"product","link":"https:\/\/shop.hotelpalacioico.com\/de\/producto\/intime-nacht-2p-suite-zimmer-fruehstueck\/","title":{"rendered":"Intime Nacht (2P) (Suite-Zimmer + Fr\u00fchst\u00fcck)"},"content":{"rendered":"<div class=\"wpb-content-wrapper\"><p>[vc_row][vc_column width=&#8220;1\/2&#8243;][vc_column_text css=&#8220;&#8220; woodmart_inline=&#8220;no&#8220; text_larger=&#8220;no&#8220;]<strong>Inklusive<\/strong><br \/>\nPalacio Ico Suite-Zimmer inklusive Fr\u00fchst\u00fcck.[\/vc_column_text][\/vc_column][vc_column width=&#8220;1\/2&#8243;][vc_column_text css=&#8220;&#8220; woodmart_inline=&#8220;no&#8220; text_larger=&#8220;no&#8220;]<strong>G\u00fcltigkeit<\/strong><br \/>\n6 Monate. F\u00fcr 2 Personen.<\/p>\n<p><strong>Nutzungsbedingungen<\/strong><br \/>\nJe nach Verf\u00fcgbarkeit. \u2028Nicht g\u00fcltig an Weihnachten (zwischen 20. Dezember und 10. Januar).[\/vc_column_text][\/vc_column][\/vc_row][vc_row][vc_column width=&#8220;1\/2&#8243;][vc_column_text css=&#8220;&#8220; woodmart_inline=&#8220;no&#8220; text_larger=&#8220;no&#8220;]<strong>Lieferung<\/strong><br \/>\nPer E-Mail mit angeh\u00e4ngtem Dokument im PDF-Format.<br \/>\nDer Versand erfolgt direkt nach dem Kauf per E-Mail. Das INSTANT ist im PDF-Format beigef\u00fcgt und wird separat von der Bestellbest\u00e4tigungs-E-Mail versendet. Um die Zustellung sicherzustellen, f\u00fcgen Sie bitte <a href=\"mailto:info@hotelpalacioico.com\">info@hotelpalacioico.com<\/a> zu Ihrer Liste sicherer Absender hinzu.<br \/>\nDiejenigen, die den Geschenkgutschein genie\u00dfen m\u00f6chten, m\u00fcssen sich an sonsoles@hotelpalacioico.com wenden, um die Termine zu vereinbaren.<br \/>\nIgic-Preis inbegriffen.[\/vc_column_text][\/vc_column][vc_column width=&#8220;1\/2&#8243;][\/vc_column][\/vc_row]<\/p>\n<\/div>","protected":false},"excerpt":{"rendered":"<p>Die Intimit\u00e4t eines Moments, den Sie mit der Person teilen, die Sie am meisten lieben.\u20281 Nacht in einer Suite im Palacio ico mit Degustationsmen\u00fc im vom Guide MICHELIN empfohlenen Restaurant.<\/p>\n","protected":false},"featured_media":10061,"template":"","meta":{"inline_featured_image":false},"product_brand":[],"product_cat":[115],"product_tag":[],"class_list":{"0":"post-10056","1":"product","2":"type-product","3":"status-publish","4":"has-post-thumbnail","6":"product_cat-momente","8":"first","9":"instock","10":"sold-individually","11":"taxable","12":"shipping-taxable","13":"purchasable","14":"product-type-simple"},"yoast_head":"<!-- This site is optimized with the Yoast SEO plugin v26.6 - https:\/\/yoast.com\/wordpress\/plugins\/seo\/ -->\n<title>Intime Nacht (2P) (Suite-Zimmer + Fr\u00fchst\u00fcck) - Shop Hotel Palacio Ico - Tienda Oficial<\/title>\n<meta name=\"description\" content=\"Blumenstrau\u00df auf dem Zimmer und Champagner.\u2028Palacio Ico Suite-Zimmer inklusive Fr\u00fchst\u00fcck.\u2028Zwei Degustationsmen\u00fcs 01. Klassische Kombination.\" \/>\n<meta name=\"robots\" content=\"index, follow, max-snippet:-1, max-image-preview:large, max-video-preview:-1\" \/>\n<link rel=\"canonical\" href=\"https:\/\/shop.hotelpalacioico.com\/de\/producto\/intime-nacht-2p-suite-zimmer-fruehstueck\/\" \/>\n<meta property=\"og:locale\" content=\"de_DE\" \/>\n<meta property=\"og:type\" content=\"article\" \/>\n<meta property=\"og:title\" content=\"Intime Nacht (2P) (Suite-Zimmer + Fr\u00fchst\u00fcck) - Shop Hotel Palacio Ico - Tienda Oficial\" \/>\n<meta property=\"og:description\" content=\"Blumenstrau\u00df auf dem Zimmer und Champagner.\u2028Palacio Ico Suite-Zimmer inklusive Fr\u00fchst\u00fcck.\u2028Zwei Degustationsmen\u00fcs 01. Klassische Kombination.\" \/>\n<meta property=\"og:url\" content=\"https:\/\/shop.hotelpalacioico.com\/de\/producto\/intime-nacht-2p-suite-zimmer-fruehstueck\/\" \/>\n<meta property=\"og:site_name\" content=\"Shop Hotel Palacio Ico - Tienda Oficial\" \/>\n<meta property=\"article:modified_time\" content=\"2025-12-23T17:32:37+00:00\" \/>\n<meta property=\"og:image\" content=\"https:\/\/shop.hotelpalacioico.com\/wp-content\/uploads\/2024\/12\/Palacio-Ico-hab-9-web-1-scaled.jpg\" \/>\n\t<meta property=\"og:image:width\" content=\"2560\" \/>\n\t<meta property=\"og:image:height\" content=\"1709\" \/>\n\t<meta property=\"og:image:type\" content=\"image\/jpeg\" \/>\n<meta name=\"twitter:card\" content=\"summary_large_image\" \/>\n<meta name=\"twitter:label1\" content=\"Gesch\u00e4tzte Lesezeit\" \/>\n\t<meta name=\"twitter:data1\" content=\"1\u00a0Minute\" \/>\n<script type=\"application\/ld+json\" class=\"yoast-schema-graph\">{\"@context\":\"https:\/\/schema.org\",\"@graph\":[{\"@type\":\"WebPage\",\"@id\":\"https:\/\/shop.hotelpalacioico.com\/de\/producto\/intime-nacht-2p-suite-zimmer-fruehstueck\/\",\"url\":\"https:\/\/shop.hotelpalacioico.com\/de\/producto\/intime-nacht-2p-suite-zimmer-fruehstueck\/\",\"name\":\"Intime Nacht (2P) (Suite-Zimmer + Fr\u00fchst\u00fcck) - Shop Hotel Palacio Ico - Tienda Oficial\",\"isPartOf\":{\"@id\":\"https:\/\/shop.hotelpalacioico.com\/#website\"},\"primaryImageOfPage\":{\"@id\":\"https:\/\/shop.hotelpalacioico.com\/de\/producto\/intime-nacht-2p-suite-zimmer-fruehstueck\/#primaryimage\"},\"image\":{\"@id\":\"https:\/\/shop.hotelpalacioico.com\/de\/producto\/intime-nacht-2p-suite-zimmer-fruehstueck\/#primaryimage\"},\"thumbnailUrl\":\"https:\/\/shop.hotelpalacioico.com\/wp-content\/uploads\/2024\/12\/Palacio-Ico-hab-9-web-1-scaled.jpg\",\"datePublished\":\"2024-12-17T16:29:00+00:00\",\"dateModified\":\"2025-12-23T17:32:37+00:00\",\"description\":\"Blumenstrau\u00df auf dem Zimmer und Champagner.\\u2028Palacio Ico Suite-Zimmer inklusive Fr\u00fchst\u00fcck.\\u2028Zwei Degustationsmen\u00fcs 01. Klassische Kombination.\",\"breadcrumb\":{\"@id\":\"https:\/\/shop.hotelpalacioico.com\/de\/producto\/intime-nacht-2p-suite-zimmer-fruehstueck\/#breadcrumb\"},\"inLanguage\":\"de\",\"potentialAction\":[{\"@type\":\"ReadAction\",\"target\":[\"https:\/\/shop.hotelpalacioico.com\/de\/producto\/intime-nacht-2p-suite-zimmer-fruehstueck\/\"]}]},{\"@type\":\"ImageObject\",\"inLanguage\":\"de\",\"@id\":\"https:\/\/shop.hotelpalacioico.com\/de\/producto\/intime-nacht-2p-suite-zimmer-fruehstueck\/#primaryimage\",\"url\":\"https:\/\/shop.hotelpalacioico.com\/wp-content\/uploads\/2024\/12\/Palacio-Ico-hab-9-web-1-scaled.jpg\",\"contentUrl\":\"https:\/\/shop.hotelpalacioico.com\/wp-content\/uploads\/2024\/12\/Palacio-Ico-hab-9-web-1-scaled.jpg\",\"width\":2560,\"height\":1709},{\"@type\":\"BreadcrumbList\",\"@id\":\"https:\/\/shop.hotelpalacioico.com\/de\/producto\/intime-nacht-2p-suite-zimmer-fruehstueck\/#breadcrumb\",\"itemListElement\":[{\"@type\":\"ListItem\",\"position\":1,\"name\":\"Home\",\"item\":\"https:\/\/shop.hotelpalacioico.com\/\"},{\"@type\":\"ListItem\",\"position\":2,\"name\":\"Momente\",\"item\":\"https:\/\/shop.hotelpalacioico.com\/\"},{\"@type\":\"ListItem\",\"position\":3,\"name\":\"Intime Nacht (2P) (Suite-Zimmer + Fr\u00fchst\u00fcck)\"}]},{\"@type\":\"WebSite\",\"@id\":\"https:\/\/shop.hotelpalacioico.com\/#website\",\"url\":\"https:\/\/shop.hotelpalacioico.com\/\",\"name\":\"Shop Hotel Palacio Ico - Tienda Oficial\",\"description\":\"Instantes\",\"potentialAction\":[{\"@type\":\"SearchAction\",\"target\":{\"@type\":\"EntryPoint\",\"urlTemplate\":\"https:\/\/shop.hotelpalacioico.com\/?s={search_term_string}\"},\"query-input\":{\"@type\":\"PropertyValueSpecification\",\"valueRequired\":true,\"valueName\":\"search_term_string\"}}],\"inLanguage\":\"de\"}]}<\/script>\n<!-- \/ Yoast SEO plugin. -->","yoast_head_json":{"title":"Intime Nacht (2P) (Suite-Zimmer + Fr\u00fchst\u00fcck) - Shop Hotel Palacio Ico - Tienda Oficial","description":"Blumenstrau\u00df auf dem Zimmer und Champagner.\u2028Palacio Ico Suite-Zimmer inklusive Fr\u00fchst\u00fcck.\u2028Zwei Degustationsmen\u00fcs 01. Klassische Kombination.","robots":{"index":"index","follow":"follow","max-snippet":"max-snippet:-1","max-image-preview":"max-image-preview:large","max-video-preview":"max-video-preview:-1"},"canonical":"https:\/\/shop.hotelpalacioico.com\/de\/producto\/intime-nacht-2p-suite-zimmer-fruehstueck\/","og_locale":"de_DE","og_type":"article","og_title":"Intime Nacht (2P) (Suite-Zimmer + Fr\u00fchst\u00fcck) - Shop Hotel Palacio Ico - Tienda Oficial","og_description":"Blumenstrau\u00df auf dem Zimmer und Champagner.\u2028Palacio Ico Suite-Zimmer inklusive Fr\u00fchst\u00fcck.\u2028Zwei Degustationsmen\u00fcs 01. Klassische Kombination.","og_url":"https:\/\/shop.hotelpalacioico.com\/de\/producto\/intime-nacht-2p-suite-zimmer-fruehstueck\/","og_site_name":"Shop Hotel Palacio Ico - Tienda Oficial","article_modified_time":"2025-12-23T17:32:37+00:00","og_image":[{"width":2560,"height":1709,"url":"https:\/\/shop.hotelpalacioico.com\/wp-content\/uploads\/2024\/12\/Palacio-Ico-hab-9-web-1-scaled.jpg","type":"image\/jpeg"}],"twitter_card":"summary_large_image","twitter_misc":{"Gesch\u00e4tzte Lesezeit":"1\u00a0Minute"},"schema":{"@context":"https:\/\/schema.org","@graph":[{"@type":"WebPage","@id":"https:\/\/shop.hotelpalacioico.com\/de\/producto\/intime-nacht-2p-suite-zimmer-fruehstueck\/","url":"https:\/\/shop.hotelpalacioico.com\/de\/producto\/intime-nacht-2p-suite-zimmer-fruehstueck\/","name":"Intime Nacht (2P) (Suite-Zimmer + Fr\u00fchst\u00fcck) - Shop Hotel Palacio Ico - Tienda Oficial","isPartOf":{"@id":"https:\/\/shop.hotelpalacioico.com\/#website"},"primaryImageOfPage":{"@id":"https:\/\/shop.hotelpalacioico.com\/de\/producto\/intime-nacht-2p-suite-zimmer-fruehstueck\/#primaryimage"},"image":{"@id":"https:\/\/shop.hotelpalacioico.com\/de\/producto\/intime-nacht-2p-suite-zimmer-fruehstueck\/#primaryimage"},"thumbnailUrl":"https:\/\/shop.hotelpalacioico.com\/wp-content\/uploads\/2024\/12\/Palacio-Ico-hab-9-web-1-scaled.jpg","datePublished":"2024-12-17T16:29:00+00:00","dateModified":"2025-12-23T17:32:37+00:00","description":"Blumenstrau\u00df auf dem Zimmer und Champagner.\u2028Palacio Ico Suite-Zimmer inklusive Fr\u00fchst\u00fcck.\u2028Zwei Degustationsmen\u00fcs 01. Klassische Kombination.","breadcrumb":{"@id":"https:\/\/shop.hotelpalacioico.com\/de\/producto\/intime-nacht-2p-suite-zimmer-fruehstueck\/#breadcrumb"},"inLanguage":"de","potentialAction":[{"@type":"ReadAction","target":["https:\/\/shop.hotelpalacioico.com\/de\/producto\/intime-nacht-2p-suite-zimmer-fruehstueck\/"]}]},{"@type":"ImageObject","inLanguage":"de","@id":"https:\/\/shop.hotelpalacioico.com\/de\/producto\/intime-nacht-2p-suite-zimmer-fruehstueck\/#primaryimage","url":"https:\/\/shop.hotelpalacioico.com\/wp-content\/uploads\/2024\/12\/Palacio-Ico-hab-9-web-1-scaled.jpg","contentUrl":"https:\/\/shop.hotelpalacioico.com\/wp-content\/uploads\/2024\/12\/Palacio-Ico-hab-9-web-1-scaled.jpg","width":2560,"height":1709},{"@type":"BreadcrumbList","@id":"https:\/\/shop.hotelpalacioico.com\/de\/producto\/intime-nacht-2p-suite-zimmer-fruehstueck\/#breadcrumb","itemListElement":[{"@type":"ListItem","position":1,"name":"Home","item":"https:\/\/shop.hotelpalacioico.com\/"},{"@type":"ListItem","position":2,"name":"Momente","item":"https:\/\/shop.hotelpalacioico.com\/"},{"@type":"ListItem","position":3,"name":"Intime Nacht (2P) (Suite-Zimmer + Fr\u00fchst\u00fcck)"}]},{"@type":"WebSite","@id":"https:\/\/shop.hotelpalacioico.com\/#website","url":"https:\/\/shop.hotelpalacioico.com\/","name":"Shop Hotel Palacio Ico - Tienda Oficial","description":"Instantes","potentialAction":[{"@type":"SearchAction","target":{"@type":"EntryPoint","urlTemplate":"https:\/\/shop.hotelpalacioico.com\/?s={search_term_string}"},"query-input":{"@type":"PropertyValueSpecification","valueRequired":true,"valueName":"search_term_string"}}],"inLanguage":"de"}]}},"_links":{"self":[{"href":"https:\/\/shop.hotelpalacioico.com\/de\/wp-json\/wp\/v2\/product\/10056","targetHints":{"allow":["GET"]}}],"collection":[{"href":"https:\/\/shop.hotelpalacioico.com\/de\/wp-json\/wp\/v2\/product"}],"about":[{"href":"https:\/\/shop.hotelpalacioico.com\/de\/wp-json\/wp\/v2\/types\/product"}],"wp:featuredmedia":[{"embeddable":true,"href":"https:\/\/shop.hotelpalacioico.com\/de\/wp-json\/wp\/v2\/media\/10061"}],"wp:attachment":[{"href":"https:\/\/shop.hotelpalacioico.com\/de\/wp-json\/wp\/v2\/media?parent=10056"}],"wp:term":[{"taxonomy":"product_brand","embeddable":true,"href":"https:\/\/shop.hotelpalacioico.com\/de\/wp-json\/wp\/v2\/product_brand?post=10056"},{"taxonomy":"product_cat","embeddable":true,"href":"https:\/\/shop.hotelpalacioico.com\/de\/wp-json\/wp\/v2\/product_cat?post=10056"},{"taxonomy":"product_tag","embeddable":true,"href":"https:\/\/shop.hotelpalacioico.com\/de\/wp-json\/wp\/v2\/product_tag?post=10056"}],"curies":[{"name":"wp","href":"https:\/\/api.w.org\/{rel}","templated":true}]}}