{"id":9182,"date":"2023-02-27T12:13:28","date_gmt":"2023-02-27T11:13:28","guid":{"rendered":"https:\/\/shop.sonbrull.com\/politica-cancelacion\/"},"modified":"2024-11-25T09:30:52","modified_gmt":"2024-11-25T08:30:52","slug":"politica-cancelacion","status":"publish","type":"page","link":"https:\/\/shop.hotelpalacioico.com\/de\/politica-cancelacion\/","title":{"rendered":"Stornierungsbedingungen"},"content":{"rendered":"<div class=\"wpb-content-wrapper\"><p>[vc_row][vc_column][vc_column_text css=&#8220;&#8220; woodmart_inline=&#8220;no&#8220; text_larger=&#8220;no&#8220;]<\/p>\r\n<p>Wichtig, denken Sie daran, Kontakt aufzunehmen <a id=\"OWAAM15724C8A111E4CD19F7372DCA29B89D1\" href=\"mailto:sonsoles@hotelpalacioico.com\">sonsoles@hotelpalacioico.com<\/a> zuvor \u201e<strong>Intimate Night<\/strong>\u201c und \u201e<strong>Hedonist<\/strong>\u201c zu organisieren.<\/p>\r\n<p><strong>Absage des Brunch- oder Degustationsmen\u00fcs<\/strong><\/p>\r\n<p>Bei einer Stornierung des Brunch- oder Degustationsmen\u00fcs weniger als 24 Stunden vor dem reservierten Termin werden 20 \u20ac pro Person berechnet. Denken Sie daran, dass jeder, der den Bonus in Anspruch nehmen m\u00f6chte, seine Reservierung online vornehmen und die Bankkartendaten eingeben muss, die nur im Falle einer Stornierung wie oben beschrieben verwendet werden. Der Geschenkgutschein kann weiterhin genutzt werden.<\/p>\r\n<p><strong>Absage von \u201eIntimate Night\u201c und \u201eHedonist\u201c<\/strong><\/p>\r\n<p>Sobald die Termine best\u00e4tigt sind und es zu einer Stornierung kommt oder der Kunde nicht erscheint, verliert er den Anspruch auf den Geschenkgutschein und es erfolgt keine R\u00fcckerstattung.Denken Sie daran, dass \u201e<strong>Intime Nacht<\/strong>\u201c und \u201e<strong>Hedonistisch<\/strong>\u201c NUR BEST\u00c4TIGT WERDEN, WENN DER KUNDE VOM ICO PALACE EINE E-MAIL MIT DEN INFORMATIONEN DER GENIE\u00dfER UND DEN AUSGEW\u00c4HLTEN TERMINE ERH\u00c4LT.<\/p>\r\n<p><strong>Bedingungen f\u00fcr Geschenkgutscheine<\/strong><\/p>\r\n<p>(i) Der Geschenkgutschein ist weder gegen Bargeld einl\u00f6sbar noch kann er gegen ein anderes Geschenk eingetauscht werden. (ii) der Verkauf oder die Vermarktung des Geschenkgutscheins ist verboten; (iii) Die im Geschenkgutschein enthaltenen Produkte und Dienstleistungen sind unver\u00e4ndert und k\u00f6nnen von niemandem ge\u00e4ndert oder ver\u00e4ndert werden.<\/p>\r\n<p><strong>G\u00fcltigkeit<\/strong><\/p>\r\n<p>Brunch und Degustationsmen\u00fc 3 Monate ab Kauf. Intime und hedonistische Nacht 6 Monate ab Kauf.<\/p>\r\n<p><strong>Verantwortung<\/strong><\/p>\r\n<p>Das Hotel Palacio Ico \u00fcbernimmt keine Verantwortung, (i) wenn der Beg\u00fcnstigte den Geschenkgutschein nach dem Kauf aus irgendeinem Grund nicht in Anspruch nehmen kann oder seine Versp\u00e4tung ihn daran hindert, ihn vollst\u00e4ndig zu genie\u00dfen, (ii) wenn aus Gr\u00fcnden h\u00f6herer Gewalt Palacio Ico konnte das Produkt des Geschenkgutscheins nicht oder unkontrolliert anbieten. In diesem Fall wird Palacio Ico alternative L\u00f6sungen vorschlagen. (iii) Wenn die vom K\u00e4ufer angegebene E-Mail ung\u00fcltig ist oder die Bestellbest\u00e4tigung aus Gr\u00fcnden der Telekommunikationsnetze nicht eintrifft oder versp\u00e4tet eingeht, (iv) f\u00fcr die Dienstleistungen, die Dritte m\u00f6glicherweise f\u00fcr die Nutzung des Geschenkgutscheins erbringen, wie beispielsweise, aber nicht beschr\u00e4nkt auf, das Segelboot, (v) f\u00fcr den Verlust oder die Verschlechterung des Geschenkgutscheins.<\/p>\r\n<p><strong>Datenschutz<\/strong><\/p>\r\n<p>Wer ist f\u00fcr die Verarbeitung Ihrer Daten verantwortlich? HOTEL PALACIO ICO S.L \u00a0Zu welchen Zwecken werden Ihre Daten verarbeitet? Verwalten Sie den Kauf der Anleihe. Die Angabe der Daten erfolgt freiwillig und informiert. Der Benutzer ist f\u00fcr die Richtigkeit und Genauigkeit der bereitgestellten Daten verantwortlich und beh\u00e4lt sich das Recht vor, jeden Benutzer, der falsche Daten angegeben hat, von den registrierten Diensten auszuschlie\u00dfen, unbeschadet anderer gesetzlich anwendbarer Ma\u00dfnahmen Verarbeitung Ihrer Daten? Ihre freiwillige Einwilligung. Wer erh\u00e4lt Ihre Daten?Personenbezogene Daten werden an die Mitarbeiter des HOTEL PALACIO ICO S.L. weitergegeben, die die Website verwalten, sowie an die Lieferanten, die f\u00fcr den Genuss des Geschenkgutscheins erforderlich sind. Es werden keine internationalen \u00dcberweisungen vorgenommen. Aus\u00fcbung der Rechte durch den Nutzer: Recht auf Zugang zu den personenbezogenen Daten des Interessenten. Der Interessent kann eine Best\u00e4tigung dar\u00fcber erhalten, ob HOTEL PALACIO ICO S.L. personenbezogene Daten verarbeitet, die ihn betreffen. Recht auf Berichtigung, d. h. der Interessent hat das Recht, die Berichtigung unrichtiger Daten zu verlangen. Recht auf L\u00f6schung: Der Interessent kann verlangen, dass seine Daten unverz\u00fcglich gel\u00f6scht werden, unter anderem weil sie nicht mehr erforderlich sind, die Einwilligung widerrufen wurde usw. Recht auf Einschr\u00e4nkung der Datenverarbeitung, d. h. der Nutzer kann verlangen, dass seine personenbezogenen Daten nicht f\u00fcr die entsprechenden Verarbeitungsvorg\u00e4nge verwendet werden. Recht auf Widerspruch, wenn der Interessent der Verarbeitung widerspricht, HOTEL PALACIO ICO S.L. \u00fcberl\u00e4sst die Verarbeitung Ihrer Daten, es sei denn, es liegen zwingende berechtigte Gr\u00fcnde oder die Aus\u00fcbung oder Verteidigung m\u00f6glicher Anspr\u00fcche vor. Recht auf Daten\u00fcbertragbarkeit, mit dem Interessenten von HOTEL PALACIO ICO S.L. den strukturierten Download ihrer Daten oder deren direkte \u00dcbermittlung an einen Dritten verlangen k\u00f6nnen, sofern dies technisch m\u00f6glich ist. Der Nutzer kann seine Rechte aus\u00fcben, indem er sich an HOTEL PALACIO ICO S.L. \u00fcber die E-Mail-Adresse eduardo@hotelpalacioico.com wendet und in jedem Fall eine Kopie seines Personalausweises, Reisepasses oder eines anderen g\u00fcltigen Dokuments beif\u00fcgt, das ihn identifiziert. Wenn Sie Fragen zu dieser Datenschutzrichtlinie haben, kontaktieren Sie uns bitte unter der oben genannten E-Mail-Adresse.<\/p>\r\n<p><span lang=\"ES-TRAD\">Der Nutzer akzeptiert die hier dargelegten Bedingungen sowie die hier beschriebenen rechtlichen Hinweise und Datenschutzbestimmungen <a href=\"https:\/\/hotelpalacioico.com\/de\/57\/reservierungsbedingungen\/\">https:\/\/hotelpalacioico.com\/de\/57\/reservierungsbedingungen\/<\/a><\/span><\/p>\r\n<p><strong>HOTEL PALACIO ICO S.L<\/strong>, mit NIF: B 76258417, eingetragen im Handelsregister von Lanzarote am 3. Juni 2016 in Band 477, Blatt 85, Register 1, Seite IL-11530 und mit Sitz in 2 El Rayo Street, 35530 Teguise, Las Palmas.<\/p>\r\n\r\n<p>&nbsp;<\/p>\r\n<p>[\/vc_column_text][\/vc_column][\/vc_row]<\/p><!-- \/wp:post-content --><\/div>","protected":false},"excerpt":{"rendered":"<p>[vc_row][vc_column][vc_column_text css=&#8220;&#8220; woodmart_inline=&#8220;no&#8220; text_larger=&#8220;no&#8220;] Wichtig, denken Sie daran, Kontakt aufzunehmen sonsoles@hotelpalacioico.com zuvor \u201eIntimate Night\u201c und \u201eHedonist\u201c zu organisieren. Absage des<\/p>\n","protected":false},"author":1,"featured_media":0,"parent":0,"menu_order":0,"comment_status":"closed","ping_status":"closed","template":"","meta":{"inline_featured_image":false,"footnotes":""},"class_list":["post-9182","page","type-page","status-publish","hentry"],"yoast_head":"<!-- This site is optimized with the Yoast SEO plugin v26.6 - https:\/\/yoast.com\/wordpress\/plugins\/seo\/ -->\n<title>Stornierungsbedingungen - Shop Hotel Palacio Ico - Tienda Oficial<\/title>\n<meta name=\"robots\" content=\"index, follow, max-snippet:-1, max-image-preview:large, max-video-preview:-1\" \/>\n<link rel=\"canonical\" href=\"https:\/\/shop.hotelpalacioico.com\/politica-cancelacion\/\" \/>\n<meta property=\"og:locale\" content=\"de_DE\" \/>\n<meta property=\"og:type\" content=\"article\" \/>\n<meta property=\"og:title\" content=\"Stornierungsbedingungen - Shop Hotel Palacio Ico - Tienda Oficial\" \/>\n<meta property=\"og:description\" content=\"[vc_row][vc_column][vc_column_text css=&#8220;&#8220; woodmart_inline=&#8220;no&#8220; text_larger=&#8220;no&#8220;] Wichtig, denken Sie daran, Kontakt aufzunehmen sonsoles@hotelpalacioico.com zuvor \u201eIntimate Night\u201c und \u201eHedonist\u201c zu organisieren. Absage des\" \/>\n<meta property=\"og:url\" content=\"https:\/\/shop.hotelpalacioico.com\/politica-cancelacion\/\" \/>\n<meta property=\"og:site_name\" content=\"Shop Hotel Palacio Ico - Tienda Oficial\" \/>\n<meta property=\"article:modified_time\" content=\"2024-11-25T08:30:52+00:00\" \/>\n<meta name=\"twitter:card\" content=\"summary_large_image\" \/>\n<meta name=\"twitter:label1\" content=\"Gesch\u00e4tzte Lesezeit\" \/>\n\t<meta name=\"twitter:data1\" content=\"4\u00a0Minuten\" \/>\n<script type=\"application\/ld+json\" class=\"yoast-schema-graph\">{\"@context\":\"https:\/\/schema.org\",\"@graph\":[{\"@type\":\"WebPage\",\"@id\":\"https:\/\/shop.hotelpalacioico.com\/politica-cancelacion\/\",\"url\":\"https:\/\/shop.hotelpalacioico.com\/politica-cancelacion\/\",\"name\":\"Stornierungsbedingungen - Shop Hotel Palacio Ico - Tienda Oficial\",\"isPartOf\":{\"@id\":\"https:\/\/shop.hotelpalacioico.com\/#website\"},\"datePublished\":\"2023-02-27T11:13:28+00:00\",\"dateModified\":\"2024-11-25T08:30:52+00:00\",\"breadcrumb\":{\"@id\":\"https:\/\/shop.hotelpalacioico.com\/politica-cancelacion\/#breadcrumb\"},\"inLanguage\":\"de\",\"potentialAction\":[{\"@type\":\"ReadAction\",\"target\":[\"https:\/\/shop.hotelpalacioico.com\/politica-cancelacion\/\"]}]},{\"@type\":\"BreadcrumbList\",\"@id\":\"https:\/\/shop.hotelpalacioico.com\/politica-cancelacion\/#breadcrumb\",\"itemListElement\":[{\"@type\":\"ListItem\",\"position\":1,\"name\":\"Home\",\"item\":\"https:\/\/shop.hotelpalacioico.com\/\"},{\"@type\":\"ListItem\",\"position\":2,\"name\":\"Stornierungsbedingungen\"}]},{\"@type\":\"WebSite\",\"@id\":\"https:\/\/shop.hotelpalacioico.com\/#website\",\"url\":\"https:\/\/shop.hotelpalacioico.com\/\",\"name\":\"Shop Hotel Palacio Ico - Tienda Oficial\",\"description\":\"Instantes\",\"potentialAction\":[{\"@type\":\"SearchAction\",\"target\":{\"@type\":\"EntryPoint\",\"urlTemplate\":\"https:\/\/shop.hotelpalacioico.com\/?s={search_term_string}\"},\"query-input\":{\"@type\":\"PropertyValueSpecification\",\"valueRequired\":true,\"valueName\":\"search_term_string\"}}],\"inLanguage\":\"de\"}]}<\/script>\n<!-- \/ Yoast SEO plugin. -->","yoast_head_json":{"title":"Stornierungsbedingungen - Shop Hotel Palacio Ico - Tienda Oficial","robots":{"index":"index","follow":"follow","max-snippet":"max-snippet:-1","max-image-preview":"max-image-preview:large","max-video-preview":"max-video-preview:-1"},"canonical":"https:\/\/shop.hotelpalacioico.com\/politica-cancelacion\/","og_locale":"de_DE","og_type":"article","og_title":"Stornierungsbedingungen - Shop Hotel Palacio Ico - Tienda Oficial","og_description":"[vc_row][vc_column][vc_column_text css=&#8220;&#8220; woodmart_inline=&#8220;no&#8220; text_larger=&#8220;no&#8220;] Wichtig, denken Sie daran, Kontakt aufzunehmen sonsoles@hotelpalacioico.com zuvor \u201eIntimate Night\u201c und \u201eHedonist\u201c zu organisieren. Absage des","og_url":"https:\/\/shop.hotelpalacioico.com\/politica-cancelacion\/","og_site_name":"Shop Hotel Palacio Ico - Tienda Oficial","article_modified_time":"2024-11-25T08:30:52+00:00","twitter_card":"summary_large_image","twitter_misc":{"Gesch\u00e4tzte Lesezeit":"4\u00a0Minuten"},"schema":{"@context":"https:\/\/schema.org","@graph":[{"@type":"WebPage","@id":"https:\/\/shop.hotelpalacioico.com\/politica-cancelacion\/","url":"https:\/\/shop.hotelpalacioico.com\/politica-cancelacion\/","name":"Stornierungsbedingungen - Shop Hotel Palacio Ico - Tienda Oficial","isPartOf":{"@id":"https:\/\/shop.hotelpalacioico.com\/#website"},"datePublished":"2023-02-27T11:13:28+00:00","dateModified":"2024-11-25T08:30:52+00:00","breadcrumb":{"@id":"https:\/\/shop.hotelpalacioico.com\/politica-cancelacion\/#breadcrumb"},"inLanguage":"de","potentialAction":[{"@type":"ReadAction","target":["https:\/\/shop.hotelpalacioico.com\/politica-cancelacion\/"]}]},{"@type":"BreadcrumbList","@id":"https:\/\/shop.hotelpalacioico.com\/politica-cancelacion\/#breadcrumb","itemListElement":[{"@type":"ListItem","position":1,"name":"Home","item":"https:\/\/shop.hotelpalacioico.com\/"},{"@type":"ListItem","position":2,"name":"Stornierungsbedingungen"}]},{"@type":"WebSite","@id":"https:\/\/shop.hotelpalacioico.com\/#website","url":"https:\/\/shop.hotelpalacioico.com\/","name":"Shop Hotel Palacio Ico - Tienda Oficial","description":"Instantes","potentialAction":[{"@type":"SearchAction","target":{"@type":"EntryPoint","urlTemplate":"https:\/\/shop.hotelpalacioico.com\/?s={search_term_string}"},"query-input":{"@type":"PropertyValueSpecification","valueRequired":true,"valueName":"search_term_string"}}],"inLanguage":"de"}]}},"_links":{"self":[{"href":"https:\/\/shop.hotelpalacioico.com\/de\/wp-json\/wp\/v2\/pages\/9182","targetHints":{"allow":["GET"]}}],"collection":[{"href":"https:\/\/shop.hotelpalacioico.com\/de\/wp-json\/wp\/v2\/pages"}],"about":[{"href":"https:\/\/shop.hotelpalacioico.com\/de\/wp-json\/wp\/v2\/types\/page"}],"author":[{"embeddable":true,"href":"https:\/\/shop.hotelpalacioico.com\/de\/wp-json\/wp\/v2\/users\/1"}],"replies":[{"embeddable":true,"href":"https:\/\/shop.hotelpalacioico.com\/de\/wp-json\/wp\/v2\/comments?post=9182"}],"version-history":[{"count":3,"href":"https:\/\/shop.hotelpalacioico.com\/de\/wp-json\/wp\/v2\/pages\/9182\/revisions"}],"predecessor-version":[{"id":9970,"href":"https:\/\/shop.hotelpalacioico.com\/de\/wp-json\/wp\/v2\/pages\/9182\/revisions\/9970"}],"wp:attachment":[{"href":"https:\/\/shop.hotelpalacioico.com\/de\/wp-json\/wp\/v2\/media?parent=9182"}],"curies":[{"name":"wp","href":"https:\/\/api.w.org\/{rel}","templated":true}]}}